{"id":9267,"date":"2025-03-05T10:25:26","date_gmt":"2025-03-05T09:25:26","guid":{"rendered":"https:\/\/www.hausbrandt.it\/?page_id=9267"},"modified":"2026-03-19T16:50:39","modified_gmt":"2026-03-19T15:50:39","slug":"paques","status":"publish","type":"page","link":"https:\/\/www.hausbrandt.it\/fr\/paques\/","title":{"rendered":"P\u00e2ques"},"content":{"rendered":"","protected":false},"excerpt":{"rendered":"","protected":false},"author":1,"featured_media":0,"parent":0,"menu_order":0,"comment_status":"closed","ping_status":"closed","template":"template-pasqua.php","meta":{"_acf_changed":false,"_seopress_robots_primary_cat":"","_seopress_titles_title":"Gourmandises de P\u00e2ques par Hausbrandt","_seopress_titles_desc":"L'histoire du Caff\u00e8 Hausbrandt rehausse cette ann\u00e9e encore la f\u00eate de P\u00e2ques avec la reine des tables printani\u00e8res : la Colomba Delice.","_seopress_robots_index":"","footnotes":""},"class_list":["post-9267","page","type-page","status-publish","hentry"],"acf":[],"_links":{"self":[{"href":"https:\/\/www.hausbrandt.it\/fr\/wp-json\/wp\/v2\/pages\/9267","targetHints":{"allow":["GET"]}}],"collection":[{"href":"https:\/\/www.hausbrandt.it\/fr\/wp-json\/wp\/v2\/pages"}],"about":[{"href":"https:\/\/www.hausbrandt.it\/fr\/wp-json\/wp\/v2\/types\/page"}],"author":[{"embeddable":true,"href":"https:\/\/www.hausbrandt.it\/fr\/wp-json\/wp\/v2\/users\/1"}],"replies":[{"embeddable":true,"href":"https:\/\/www.hausbrandt.it\/fr\/wp-json\/wp\/v2\/comments?post=9267"}],"version-history":[{"count":5,"href":"https:\/\/www.hausbrandt.it\/fr\/wp-json\/wp\/v2\/pages\/9267\/revisions"}],"predecessor-version":[{"id":12216,"href":"https:\/\/www.hausbrandt.it\/fr\/wp-json\/wp\/v2\/pages\/9267\/revisions\/12216"}],"wp:attachment":[{"href":"https:\/\/www.hausbrandt.it\/fr\/wp-json\/wp\/v2\/media?parent=9267"}],"curies":[{"name":"wp","href":"https:\/\/api.w.org\/{rel}","templated":true}]}}