{"id":7684,"date":"2024-10-17T10:00:50","date_gmt":"2024-10-17T08:00:50","guid":{"rendered":"https:\/\/www.hausbrandt.it\/consulenza\/"},"modified":"2024-12-17T16:49:58","modified_gmt":"2024-12-17T15:49:58","slug":"conseil","status":"publish","type":"page","link":"https:\/\/www.hausbrandt.it\/fr\/conseil\/","title":{"rendered":"Conseil"},"content":{"rendered":"","protected":false},"excerpt":{"rendered":"","protected":false},"author":1,"featured_media":0,"parent":0,"menu_order":0,"comment_status":"closed","ping_status":"closed","template":"template-consulenza.php","meta":{"_acf_changed":false,"_seopress_robots_primary_cat":"","_seopress_titles_title":"Conseil pour le secteur de l'h\u00f4tellerie et de la restauration","_seopress_titles_desc":"D\u00e9couvrez comment Hausbrandt peut am\u00e9liorer votre site avec une offre unique et distinctive pour votre caf\u00e9 et les produits qui am\u00e9liorent le mieux l'exp\u00e9rience du caf\u00e9.","_seopress_robots_index":"","footnotes":""},"class_list":["post-7684","page","type-page","status-publish","hentry"],"acf":[],"_links":{"self":[{"href":"https:\/\/www.hausbrandt.it\/fr\/wp-json\/wp\/v2\/pages\/7684","targetHints":{"allow":["GET"]}}],"collection":[{"href":"https:\/\/www.hausbrandt.it\/fr\/wp-json\/wp\/v2\/pages"}],"about":[{"href":"https:\/\/www.hausbrandt.it\/fr\/wp-json\/wp\/v2\/types\/page"}],"author":[{"embeddable":true,"href":"https:\/\/www.hausbrandt.it\/fr\/wp-json\/wp\/v2\/users\/1"}],"replies":[{"embeddable":true,"href":"https:\/\/www.hausbrandt.it\/fr\/wp-json\/wp\/v2\/comments?post=7684"}],"version-history":[{"count":3,"href":"https:\/\/www.hausbrandt.it\/fr\/wp-json\/wp\/v2\/pages\/7684\/revisions"}],"predecessor-version":[{"id":7876,"href":"https:\/\/www.hausbrandt.it\/fr\/wp-json\/wp\/v2\/pages\/7684\/revisions\/7876"}],"wp:attachment":[{"href":"https:\/\/www.hausbrandt.it\/fr\/wp-json\/wp\/v2\/media?parent=7684"}],"curies":[{"name":"wp","href":"https:\/\/api.w.org\/{rel}","templated":true}]}}