{"id":4556,"date":"2024-06-19T14:49:32","date_gmt":"2024-06-19T12:49:32","guid":{"rendered":"https:\/\/www.hausbrandt.it\/culture\/storia-del-caffe\/"},"modified":"2025-03-14T17:57:49","modified_gmt":"2025-03-14T16:57:49","slug":"histoire-du-cafe","status":"publish","type":"page","link":"https:\/\/www.hausbrandt.it\/fr\/culture\/histoire-du-cafe\/","title":{"rendered":"Histoire du caf\u00e9"},"content":{"rendered":"","protected":false},"excerpt":{"rendered":"","protected":false},"author":1,"featured_media":0,"parent":4509,"menu_order":0,"comment_status":"closed","ping_status":"closed","template":"template-storia.php","meta":{"_acf_changed":false,"_seopress_robots_primary_cat":"","_seopress_titles_title":"D\u00e9couvrez l'Histoire Fascinante du Caf\u00e9","_seopress_titles_desc":"Plongez dans l'histoire fascinante du caf\u00e9 avec Hausbrandt. Explorez les origines riches de cette boisson iconique et sa culture mondiale.","_seopress_robots_index":"","footnotes":""},"class_list":["post-4556","page","type-page","status-publish","hentry"],"acf":[],"_links":{"self":[{"href":"https:\/\/www.hausbrandt.it\/fr\/wp-json\/wp\/v2\/pages\/4556","targetHints":{"allow":["GET"]}}],"collection":[{"href":"https:\/\/www.hausbrandt.it\/fr\/wp-json\/wp\/v2\/pages"}],"about":[{"href":"https:\/\/www.hausbrandt.it\/fr\/wp-json\/wp\/v2\/types\/page"}],"author":[{"embeddable":true,"href":"https:\/\/www.hausbrandt.it\/fr\/wp-json\/wp\/v2\/users\/1"}],"replies":[{"embeddable":true,"href":"https:\/\/www.hausbrandt.it\/fr\/wp-json\/wp\/v2\/comments?post=4556"}],"version-history":[{"count":4,"href":"https:\/\/www.hausbrandt.it\/fr\/wp-json\/wp\/v2\/pages\/4556\/revisions"}],"predecessor-version":[{"id":9292,"href":"https:\/\/www.hausbrandt.it\/fr\/wp-json\/wp\/v2\/pages\/4556\/revisions\/9292"}],"up":[{"embeddable":true,"href":"https:\/\/www.hausbrandt.it\/fr\/wp-json\/wp\/v2\/pages\/4509"}],"wp:attachment":[{"href":"https:\/\/www.hausbrandt.it\/fr\/wp-json\/wp\/v2\/media?parent=4556"}],"curies":[{"name":"wp","href":"https:\/\/api.w.org\/{rel}","templated":true}]}}