{"id":4547,"date":"2024-06-18T17:12:26","date_gmt":"2024-06-18T15:12:26","guid":{"rendered":"https:\/\/www.hausbrandt.it\/culture\/qualita-e-costanza\/"},"modified":"2025-03-14T18:02:57","modified_gmt":"2025-03-14T17:02:57","slug":"qualite-et-constance","status":"publish","type":"page","link":"https:\/\/www.hausbrandt.it\/fr\/culture\/qualite-et-constance\/","title":{"rendered":"Qualit\u00e9 et constance"},"content":{"rendered":"","protected":false},"excerpt":{"rendered":"","protected":false},"author":1,"featured_media":0,"parent":4509,"menu_order":0,"comment_status":"closed","ping_status":"closed","template":"template-qualita.php","meta":{"_acf_changed":false,"_seopress_robots_primary_cat":"","_seopress_titles_title":"Hausbrandt : Qualit\u00e9 et Constance du Caf\u00e9","_seopress_titles_desc":"D\u00e9couvrez l'engagement de Hausbrandt pour un caf\u00e9 de qualit\u00e9 sup\u00e9rieure, alliant tradition et innovation avec constance.","_seopress_robots_index":"","footnotes":""},"class_list":["post-4547","page","type-page","status-publish","hentry"],"acf":[],"_links":{"self":[{"href":"https:\/\/www.hausbrandt.it\/fr\/wp-json\/wp\/v2\/pages\/4547","targetHints":{"allow":["GET"]}}],"collection":[{"href":"https:\/\/www.hausbrandt.it\/fr\/wp-json\/wp\/v2\/pages"}],"about":[{"href":"https:\/\/www.hausbrandt.it\/fr\/wp-json\/wp\/v2\/types\/page"}],"author":[{"embeddable":true,"href":"https:\/\/www.hausbrandt.it\/fr\/wp-json\/wp\/v2\/users\/1"}],"replies":[{"embeddable":true,"href":"https:\/\/www.hausbrandt.it\/fr\/wp-json\/wp\/v2\/comments?post=4547"}],"version-history":[{"count":3,"href":"https:\/\/www.hausbrandt.it\/fr\/wp-json\/wp\/v2\/pages\/4547\/revisions"}],"predecessor-version":[{"id":9295,"href":"https:\/\/www.hausbrandt.it\/fr\/wp-json\/wp\/v2\/pages\/4547\/revisions\/9295"}],"up":[{"embeddable":true,"href":"https:\/\/www.hausbrandt.it\/fr\/wp-json\/wp\/v2\/pages\/4509"}],"wp:attachment":[{"href":"https:\/\/www.hausbrandt.it\/fr\/wp-json\/wp\/v2\/media?parent=4547"}],"curies":[{"name":"wp","href":"https:\/\/api.w.org\/{rel}","templated":true}]}}