{"id":4520,"date":"2024-06-21T16:09:15","date_gmt":"2024-06-21T14:09:15","guid":{"rendered":"https:\/\/www.hausbrandt.it\/culture\/caffe-e-salute\/"},"modified":"2025-03-14T17:55:54","modified_gmt":"2025-03-14T16:55:54","slug":"cafe-et-sante","status":"publish","type":"page","link":"https:\/\/www.hausbrandt.it\/fr\/culture\/cafe-et-sante\/","title":{"rendered":"Caf\u00e9 et sant\u00e9"},"content":{"rendered":"","protected":false},"excerpt":{"rendered":"","protected":false},"author":1,"featured_media":0,"parent":4509,"menu_order":0,"comment_status":"closed","ping_status":"closed","template":"template-salute.php","meta":{"_acf_changed":false,"_seopress_robots_primary_cat":"","_seopress_titles_title":"Caf\u00e9 et Sant\u00e9 : D\u00e9couverte des Bienfaits Inattendus","_seopress_titles_desc":"Explorez comment le caf\u00e9 peut am\u00e9liorer votre sant\u00e9 avec des conseils et des d\u00e9couvertes fascinantes sur le caf\u00e9 et ses bienfaits pour la sant\u00e9.","_seopress_robots_index":"","footnotes":""},"class_list":["post-4520","page","type-page","status-publish","hentry"],"acf":[],"_links":{"self":[{"href":"https:\/\/www.hausbrandt.it\/fr\/wp-json\/wp\/v2\/pages\/4520","targetHints":{"allow":["GET"]}}],"collection":[{"href":"https:\/\/www.hausbrandt.it\/fr\/wp-json\/wp\/v2\/pages"}],"about":[{"href":"https:\/\/www.hausbrandt.it\/fr\/wp-json\/wp\/v2\/types\/page"}],"author":[{"embeddable":true,"href":"https:\/\/www.hausbrandt.it\/fr\/wp-json\/wp\/v2\/users\/1"}],"replies":[{"embeddable":true,"href":"https:\/\/www.hausbrandt.it\/fr\/wp-json\/wp\/v2\/comments?post=4520"}],"version-history":[{"count":11,"href":"https:\/\/www.hausbrandt.it\/fr\/wp-json\/wp\/v2\/pages\/4520\/revisions"}],"predecessor-version":[{"id":9290,"href":"https:\/\/www.hausbrandt.it\/fr\/wp-json\/wp\/v2\/pages\/4520\/revisions\/9290"}],"up":[{"embeddable":true,"href":"https:\/\/www.hausbrandt.it\/fr\/wp-json\/wp\/v2\/pages\/4509"}],"wp:attachment":[{"href":"https:\/\/www.hausbrandt.it\/fr\/wp-json\/wp\/v2\/media?parent=4520"}],"curies":[{"name":"wp","href":"https:\/\/api.w.org\/{rel}","templated":true}]}}