{"id":4501,"date":"2024-06-24T11:13:53","date_gmt":"2024-06-24T09:13:53","guid":{"rendered":"https:\/\/www.hausbrandt.it\/caffe\/"},"modified":"2025-03-14T17:52:14","modified_gmt":"2025-03-14T16:52:14","slug":"cafe","status":"publish","type":"page","link":"https:\/\/www.hausbrandt.it\/fr\/cafe\/","title":{"rendered":"Caf\u00e9"},"content":{"rendered":"","protected":false},"excerpt":{"rendered":"","protected":false},"author":1,"featured_media":0,"parent":0,"menu_order":0,"comment_status":"closed","ping_status":"closed","template":"template-caffe.php","meta":{"_acf_changed":false,"_seopress_robots_primary_cat":"","_seopress_titles_title":"Caf\u00e9s Hausbrandt: M\u00e9langes maison et pros","_seopress_titles_desc":"D\u00e9couvrez nos m\u00e9langes de caf\u00e9 Hausbrandt pour la maison et le professionnel, alliant savoir-faire italien et ar\u00f4mes raffin\u00e9s.","_seopress_robots_index":"","footnotes":""},"class_list":["post-4501","page","type-page","status-publish","hentry"],"acf":[],"_links":{"self":[{"href":"https:\/\/www.hausbrandt.it\/fr\/wp-json\/wp\/v2\/pages\/4501","targetHints":{"allow":["GET"]}}],"collection":[{"href":"https:\/\/www.hausbrandt.it\/fr\/wp-json\/wp\/v2\/pages"}],"about":[{"href":"https:\/\/www.hausbrandt.it\/fr\/wp-json\/wp\/v2\/types\/page"}],"author":[{"embeddable":true,"href":"https:\/\/www.hausbrandt.it\/fr\/wp-json\/wp\/v2\/users\/1"}],"replies":[{"embeddable":true,"href":"https:\/\/www.hausbrandt.it\/fr\/wp-json\/wp\/v2\/comments?post=4501"}],"version-history":[{"count":5,"href":"https:\/\/www.hausbrandt.it\/fr\/wp-json\/wp\/v2\/pages\/4501\/revisions"}],"predecessor-version":[{"id":9286,"href":"https:\/\/www.hausbrandt.it\/fr\/wp-json\/wp\/v2\/pages\/4501\/revisions\/9286"}],"wp:attachment":[{"href":"https:\/\/www.hausbrandt.it\/fr\/wp-json\/wp\/v2\/media?parent=4501"}],"curies":[{"name":"wp","href":"https:\/\/api.w.org\/{rel}","templated":true}]}}