{"id":4495,"date":"2024-07-15T17:11:23","date_gmt":"2024-07-15T15:11:23","guid":{"rendered":"https:\/\/www.hausbrandt.it\/negozi-aziendali\/"},"modified":"2026-01-07T09:39:49","modified_gmt":"2026-01-07T08:39:49","slug":"boutiques-dentreprise","status":"publish","type":"page","link":"https:\/\/www.hausbrandt.it\/fr\/ou\/boutiques-dentreprise\/","title":{"rendered":"Boutiques d&rsquo;entreprise"},"content":{"rendered":"","protected":false},"excerpt":{"rendered":"","protected":false},"author":3,"featured_media":0,"parent":4568,"menu_order":0,"comment_status":"closed","ping_status":"closed","template":"template-negozi.php","meta":{"_acf_changed":false,"_seopress_robots_primary_cat":"","_seopress_titles_title":"D\u00e9couvrez nos Negozi Aziendali Hausbrandt Caf\u00e9","_seopress_titles_desc":"Explorez les n\u00e9goces d'entreprise Hausbrandt Caff\u00e8: qualit\u00e9 italienne, saveurs uniques et offres exclusives. Visitez les boutiques maintenant.","_seopress_robots_index":"","footnotes":""},"class_list":["post-4495","page","type-page","status-publish","hentry"],"acf":[],"_links":{"self":[{"href":"https:\/\/www.hausbrandt.it\/fr\/wp-json\/wp\/v2\/pages\/4495","targetHints":{"allow":["GET"]}}],"collection":[{"href":"https:\/\/www.hausbrandt.it\/fr\/wp-json\/wp\/v2\/pages"}],"about":[{"href":"https:\/\/www.hausbrandt.it\/fr\/wp-json\/wp\/v2\/types\/page"}],"author":[{"embeddable":true,"href":"https:\/\/www.hausbrandt.it\/fr\/wp-json\/wp\/v2\/users\/3"}],"replies":[{"embeddable":true,"href":"https:\/\/www.hausbrandt.it\/fr\/wp-json\/wp\/v2\/comments?post=4495"}],"version-history":[{"count":6,"href":"https:\/\/www.hausbrandt.it\/fr\/wp-json\/wp\/v2\/pages\/4495\/revisions"}],"predecessor-version":[{"id":10742,"href":"https:\/\/www.hausbrandt.it\/fr\/wp-json\/wp\/v2\/pages\/4495\/revisions\/10742"}],"up":[{"embeddable":true,"href":"https:\/\/www.hausbrandt.it\/fr\/wp-json\/wp\/v2\/pages\/4568"}],"wp:attachment":[{"href":"https:\/\/www.hausbrandt.it\/fr\/wp-json\/wp\/v2\/media?parent=4495"}],"curies":[{"name":"wp","href":"https:\/\/api.w.org\/{rel}","templated":true}]}}