{"id":4481,"date":"2024-07-09T16:42:27","date_gmt":"2024-07-09T14:42:27","guid":{"rendered":"https:\/\/www.hausbrandt.it\/nel-mondo\/"},"modified":"2025-03-14T18:21:09","modified_gmt":"2025-03-14T17:21:09","slug":"dans-le-monde","status":"publish","type":"page","link":"https:\/\/www.hausbrandt.it\/fr\/ou\/dans-le-monde\/","title":{"rendered":"Dans le monde"},"content":{"rendered":"","protected":false},"excerpt":{"rendered":"","protected":false},"author":1,"featured_media":0,"parent":4568,"menu_order":0,"comment_status":"closed","ping_status":"closed","template":"template-nel-mondo.php","meta":{"_acf_changed":false,"_seopress_robots_primary_cat":"","_seopress_titles_title":"Caf\u00e9s Hausbrandt : D\u00e9couvrez Nos Saveurs Mondiales","_seopress_titles_desc":"Trouvez votre caf\u00e9 parfait avec Hausbrandt. D\u00e9couvrez nos points de vente pr\u00e8s de chez vous et savourez l'excellence italienne internationalement.","_seopress_robots_index":"","footnotes":""},"class_list":["post-4481","page","type-page","status-publish","hentry"],"acf":[],"_links":{"self":[{"href":"https:\/\/www.hausbrandt.it\/fr\/wp-json\/wp\/v2\/pages\/4481","targetHints":{"allow":["GET"]}}],"collection":[{"href":"https:\/\/www.hausbrandt.it\/fr\/wp-json\/wp\/v2\/pages"}],"about":[{"href":"https:\/\/www.hausbrandt.it\/fr\/wp-json\/wp\/v2\/types\/page"}],"author":[{"embeddable":true,"href":"https:\/\/www.hausbrandt.it\/fr\/wp-json\/wp\/v2\/users\/1"}],"replies":[{"embeddable":true,"href":"https:\/\/www.hausbrandt.it\/fr\/wp-json\/wp\/v2\/comments?post=4481"}],"version-history":[{"count":4,"href":"https:\/\/www.hausbrandt.it\/fr\/wp-json\/wp\/v2\/pages\/4481\/revisions"}],"predecessor-version":[{"id":9303,"href":"https:\/\/www.hausbrandt.it\/fr\/wp-json\/wp\/v2\/pages\/4481\/revisions\/9303"}],"up":[{"embeddable":true,"href":"https:\/\/www.hausbrandt.it\/fr\/wp-json\/wp\/v2\/pages\/4568"}],"wp:attachment":[{"href":"https:\/\/www.hausbrandt.it\/fr\/wp-json\/wp\/v2\/media?parent=4481"}],"curies":[{"name":"wp","href":"https:\/\/api.w.org\/{rel}","templated":true}]}}