{"id":4444,"date":"2024-06-25T10:00:46","date_gmt":"2024-06-25T08:00:46","guid":{"rendered":"https:\/\/www.hausbrandt.it\/la-nostra-storia\/"},"modified":"2025-03-14T17:56:58","modified_gmt":"2025-03-14T16:56:58","slug":"histoire-de-la-marque","status":"publish","type":"page","link":"https:\/\/www.hausbrandt.it\/fr\/culture\/histoire-de-la-marque\/","title":{"rendered":"Histoire de la marque"},"content":{"rendered":"","protected":false},"excerpt":{"rendered":"","protected":false},"author":1,"featured_media":0,"parent":4509,"menu_order":0,"comment_status":"closed","ping_status":"closed","template":"template-lastoria.php","meta":{"_acf_changed":false,"_seopress_robots_primary_cat":"","_seopress_titles_title":"D\u00e9couvrez l'histoire captivante de Hausbrandt","_seopress_titles_desc":"Explorez l'h\u00e9ritage de Hausbrandt, pionnier du caf\u00e9 italien. D\u00e9couvrez comment l'innovation a fa\u00e7onn\u00e9 cette marque embl\u00e9matique depuis 1892.","_seopress_robots_index":"","footnotes":""},"class_list":["post-4444","page","type-page","status-publish","hentry"],"acf":[],"_links":{"self":[{"href":"https:\/\/www.hausbrandt.it\/fr\/wp-json\/wp\/v2\/pages\/4444","targetHints":{"allow":["GET"]}}],"collection":[{"href":"https:\/\/www.hausbrandt.it\/fr\/wp-json\/wp\/v2\/pages"}],"about":[{"href":"https:\/\/www.hausbrandt.it\/fr\/wp-json\/wp\/v2\/types\/page"}],"author":[{"embeddable":true,"href":"https:\/\/www.hausbrandt.it\/fr\/wp-json\/wp\/v2\/users\/1"}],"replies":[{"embeddable":true,"href":"https:\/\/www.hausbrandt.it\/fr\/wp-json\/wp\/v2\/comments?post=4444"}],"version-history":[{"count":3,"href":"https:\/\/www.hausbrandt.it\/fr\/wp-json\/wp\/v2\/pages\/4444\/revisions"}],"predecessor-version":[{"id":9291,"href":"https:\/\/www.hausbrandt.it\/fr\/wp-json\/wp\/v2\/pages\/4444\/revisions\/9291"}],"up":[{"embeddable":true,"href":"https:\/\/www.hausbrandt.it\/fr\/wp-json\/wp\/v2\/pages\/4509"}],"wp:attachment":[{"href":"https:\/\/www.hausbrandt.it\/fr\/wp-json\/wp\/v2\/media?parent=4444"}],"curies":[{"name":"wp","href":"https:\/\/api.w.org\/{rel}","templated":true}]}}