{"id":12137,"date":"2026-02-25T09:24:21","date_gmt":"2026-02-25T08:24:21","guid":{"rendered":"https:\/\/www.hausbrandt.it\/dichiarazione-di-accessibilita\/"},"modified":"2026-03-06T11:49:54","modified_gmt":"2026-03-06T10:49:54","slug":"declaration-daccessibilite","status":"publish","type":"page","link":"https:\/\/www.hausbrandt.it\/fr\/declaration-daccessibilite\/","title":{"rendered":"D\u00e9claration d\u2019accessibilit\u00e9 pour le site www.hausbrandt.it"},"content":{"rendered":"\n<h1 class=\"wp-block-heading\"><strong>D\u00e9claration d\u2019accessibilit\u00e9 pour le site www.hausbrandt.it<\/strong><\/h1>\n\n\n\n<p><em>La pr\u00e9sente d\u00e9claration a \u00e9t\u00e9 r\u00e9dig\u00e9e le 05\/02\/2026.<\/em><\/p>\n\n\n\n<p><em>Le pr\u00e9sent contenu peut \u00eatre lu et rendu disponible \u00e9galement sous forme orale en utilisant les lecteurs d\u2019\u00e9cran NVDA pour Windows et VoiceOver pour iOS. Il est \u00e9galement possible d\u2019activer la fonctionnalit\u00e9 \u00ab lire la page \u00bb disponible dans le widget d\u2019accessibilit\u00e9 UserWay PRO.<\/em><\/p>\n\n\n\n<p>Hausbrandt Trieste 1892 S.p.A. s\u2019engage \u00e0 garantir l\u2019accessibilit\u00e9 de son site web www.hausbrandt.it, conform\u00e9ment au d\u00e9cret l\u00e9gislatif du 27 mai 2022, n\u00b0 82, portant transposition de la directive europ\u00e9enne 2019\/882.<\/p>\n\n\n\n<p>Hausbrandt Trieste 1892 S.p.A. estime qu\u2019il s\u2019agit d\u2019une obligation morale collective de permettre \u00e0 toute personne d\u2019acc\u00e9der aux informations, produits ou services sans rencontrer d\u2019obstacles ou de barri\u00e8res, afin que chacun puisse vivre avec dignit\u00e9, \u00e9galit\u00e9 et ind\u00e9pendance. \u00c0 cette fin, des ressources ont \u00e9t\u00e9 investies pour rendre le site plus facile \u00e0 utiliser et plus accessible \u00e0 tous, y compris aux personnes en situation de handicap.<\/p>\n\n\n\n<p>Conform\u00e9ment au d\u00e9cret l\u00e9gislatif n\u00b0 82\/2022, les informations suivantes sont fournies :<\/p>\n\n\n\n<ol class=\"wp-block-list\">\n<li>Informations relatives \u00e0 l\u2019\u00e9valuation de la mani\u00e8re dont le service satisfait aux exigences d\u2019accessibilit\u00e9 et pr\u00e9cisant les exigences applicables ;<\/li>\n\n\n\n<li>Description g\u00e9n\u00e9rale du service, dans des formats accessibles ;<\/li>\n\n\n\n<li>Descriptions et explications n\u00e9cessaires pour comprendre le fonctionnement du service ;<\/li>\n\n\n\n<li>Description de la mani\u00e8re dont le service satisfait aux exigences d\u2019accessibilit\u00e9 ;<\/li>\n\n\n\n<li>Informations d\u00e9montrant que le processus de fourniture du service et son suivi garantissent la conformit\u00e9 du service ;<\/li>\n\n\n\n<li>Assistance et signalement d\u2019\u00e9ventuels probl\u00e8mes d\u2019accessibilit\u00e9.<\/li>\n<\/ol>\n\n\n\n<h3 class=\"wp-block-heading\"><a><\/a><strong>1.&nbsp;&nbsp;&nbsp; <\/strong><strong>Exigences d\u2019accessibilit\u00e9 et crit\u00e8res applicables<\/strong><\/h3>\n\n\n\n<p>Les exigences en mati\u00e8re d\u2019accessibilit\u00e9 num\u00e9rique sont d\u00e9finies par le d\u00e9cret l\u00e9gislatif du 27 mai 2022, n\u00b0 82 \u00ab <em>Mise en \u0153uvre de la directive (UE) 2019\/882 du Parlement europ\u00e9en et du Conseil du 17 avril 2019 relative aux exigences en mati\u00e8re d\u2019accessibilit\u00e9 applicables aux produits et services<\/em> \u00bb, qui renvoie, pour les aspects techniques, \u00e0 la norme UNI EN 301549.<\/p>\n\n\n\n<p>Plus pr\u00e9cis\u00e9ment, la conformit\u00e9 du site web doit \u00eatre \u00e9valu\u00e9e au regard des crit\u00e8res indiqu\u00e9s aux chapitres 9 \u00ab Web \u00bb et 10 \u00ab Contenus non web \u00bb, lesquels renvoient aux Web Content Accessibility Guidelines (WCAG) 2.1, niveau A+AA.<\/p>\n\n\n\n<p>Les quatre principes fondamentaux de l\u2019accessibilit\u00e9 num\u00e9rique, tels qu\u2019exprim\u00e9s par les WCAG 2.1, sont les suivants :<\/p>\n\n\n\n<ul class=\"wp-block-list\">\n<li><strong>Perceptible <\/strong>\u2013 Les contenus sont pr\u00e9sent\u00e9s de mani\u00e8re claire et compr\u00e9hensible.<\/li>\n\n\n\n<li><strong>Utilisable<\/strong> \u2013 L\u2019interface est facilement navigable par tous les utilisateurs.<\/li>\n\n\n\n<li><strong>Compr\u00e9hensible<\/strong> \u2013 Les informations et les op\u00e9rations sont intuitives et faciles \u00e0 interpr\u00e9ter.<\/li>\n\n\n\n<li><strong>Robuste<\/strong> \u2013 Le site est compatible avec les technologies d\u2019assistance les plus courantes.<\/li>\n<\/ul>\n\n\n\n<p>Conform\u00e9ment \u00e0 la norme UNI EN 301549 pr\u00e9cit\u00e9e, qui \u00e9num\u00e8re clairement les 50 crit\u00e8res de succ\u00e8s \u00e0 prendre en consid\u00e9ration pour v\u00e9rifier l\u2019accessibilit\u00e9 d\u2019un site web, des analyses techniques ont \u00e9t\u00e9 effectu\u00e9es sur les contenus du site, comprenant des informations textuelles et non textuelles, des documents et formulaires t\u00e9l\u00e9chargeables ainsi que des formes d\u2019interaction bidirectionnelle, telles que le traitement de formulaires num\u00e9riques et l\u2019ach\u00e8vement des processus d\u2019authentification, d\u2019identification et de paiement.<\/p>\n\n\n\n<p>Parmi les 50 crit\u00e8res de succ\u00e8s pr\u00e9vus par la r\u00e9glementation technique en vigueur, le crit\u00e8re suivant est consid\u00e9r\u00e9 comme non applicable au pr\u00e9sent site :<\/p>\n\n\n\n<h4 class=\"wp-block-heading\"><a><\/a>\u25cf&nbsp;&nbsp;&nbsp;&nbsp;&nbsp; 1.2.4 Sous-titres (en direct)<\/h4>\n\n\n\n<h4 class=\"wp-block-heading\"><a><\/a><strong><u>Domaines exclus de l\u2019application<\/u><\/strong><\/h4>\n\n\n\n<p>L\u2019article 1, paragraphe 5, du d\u00e9cret l\u00e9gislatif n\u00b0 82\/2022 pr\u00e9voit que les dispositions du d\u00e9cret ne s\u2019appliquent pas aux contenus suivants des sites web et applications mobile :<\/p>\n\n\n\n<ul class=\"wp-block-list\">\n<li>M\u00e9dias temporels pr\u00e9enregistr\u00e9s publi\u00e9s avant le 28 juin 2025 ;<\/li>\n\n\n\n<li>Formats de fichiers bureautiques publi\u00e9s avant le 28 juin 2025 ;<\/li>\n\n\n\n<li>Cartes et services de cartographie en ligne, \u00e0 condition que, pour les cartes destin\u00e9es \u00e0 la navigation, les informations essentielles soient fournies sous une forme num\u00e9rique accessible ;<\/li>\n\n\n\n<li>Contenus de tiers qui ne sont ni financ\u00e9s ni d\u00e9velopp\u00e9s par l\u2019op\u00e9rateur \u00e9conomique concern\u00e9 ni soumis \u00e0 son contr\u00f4le ;<\/li>\n\n\n\n<li>Contenus de sites web et d\u2019applications mobiles consid\u00e9r\u00e9s comme des archives, au sens o\u00f9 ils contiennent uniquement des contenus qui n\u2019ont pas \u00e9t\u00e9 mis \u00e0 jour ou remani\u00e9s apr\u00e8s le 28 juin 2025.<\/li>\n<\/ul>\n\n\n\n<h3 class=\"wp-block-heading\"><a><\/a><strong>2. Description g\u00e9n\u00e9rale du service<\/strong><\/h3>\n\n\n\n<p>Ce site s\u2019adresse au consommateur final et offre un service d\u2019information commerciale relatif \u00e0 la marque Hausbrandt, permettant de d\u00e9couvrir et d\u2019approfondir la connaissance des produits de l\u2019entreprise. L\u2019utilisateur peut en savoir plus sur l\u2019entreprise et son offre commerciale, approfondir les services propos\u00e9s, consulter les recettes sugg\u00e9r\u00e9es par l\u2019entreprise, lire les actualit\u00e9s, contacter l\u2019entreprise et acc\u00e9der directement au site de commerce \u00e9lectronique.&nbsp;&nbsp;<\/p>\n\n\n\n<h3 class=\"wp-block-heading\"><a><\/a><strong>3. Fonctionnement du service<\/strong><\/h3>\n\n\n\n<p>Le site est accessible depuis des ordinateurs de bureau, des tablettes et des smartphones via les principaux navigateurs web actuellement disponibles sur le march\u00e9 et peut \u00eatre consult\u00e9 en plusieurs langues. La navigation s\u2019effectue de mani\u00e8re lin\u00e9aire \u00e0 travers un menu intuitif.<\/p>\n\n\n\n<p>L\u2019utilisateur peut b\u00e9n\u00e9ficier des fonctionnalit\u00e9s du site selon les modalit\u00e9s suivantes&nbsp;:<\/p>\n\n\n\n<ul class=\"wp-block-list\">\n<li><strong>Consulter les diff\u00e9rentes typologies de caf\u00e9 : <\/strong>l\u2019utilisateur peut consulter les diff\u00e9rentes cat\u00e9gories de produits propos\u00e9es par l\u2019entreprise \u00e0 partir de la rubrique d\u00e9di\u00e9e du menu et en s\u00e9lectionnant la cat\u00e9gorie d\u2019int\u00e9r\u00eat dans le sous-menu.<\/li>\n\n\n\n<li><strong>En savoir plus sur l\u2019entreprise :<\/strong> l\u2019utilisateur peut approfondir sa connaissance de l\u2019entreprise, de ses m\u00e9thodes de production et de sa philosophie d\u2019entreprise \u00e0 partir de la rubrique d\u00e9di\u00e9e du menu, puis en s\u00e9lectionnant la th\u00e9matique d\u2019int\u00e9r\u00eat dans le sous-menu.<\/li>\n\n\n\n<li><strong>Approfondir les services propos\u00e9s par l\u2019entreprise :<\/strong> l\u2019utilisateur peut obtenir des informations d\u00e9taill\u00e9es sur les services offerts aux professionnels et aux activit\u00e9s commerciales en s\u00e9lectionnant la rubrique d\u00e9di\u00e9e du menu et la th\u00e9matique correspondante dans le sous-menu. Chaque page individuelle pr\u00e9sente des sections verticales contenant des informations textuelles consultables.<\/li>\n\n\n\n<li><strong>Trouver les points de vente :<\/strong> l\u2019utilisateur peut localiser les points de vente de la marque, tant destin\u00e9s au consommateur final qu\u2019aux professionnels, \u00e0 partir de la rubrique d\u00e9di\u00e9e du menu.<\/li>\n\n\n\n<li><strong>Consulter les recettes :<\/strong> l\u2019utilisateur peut consulter les recettes recommand\u00e9es \u00e0 partir de la rubrique d\u00e9di\u00e9e du menu. Sur la page correspondante, il peut filtrer les recettes selon diff\u00e9rentes cat\u00e9gories et acc\u00e9der, pour chacune d\u2019elles, \u00e0 une page d\u00e9di\u00e9e contenant les instructions n\u00e9cessaires \u00e0 sa r\u00e9alisation.<\/li>\n\n\n\n<li><strong>Consulter les actualit\u00e9s :<\/strong> l\u2019utilisateur peut consulter les actualit\u00e9s relatives \u00e0 l\u2019entreprise en s\u00e9lectionnant la rubrique \u00ab m\u00e9dias \u00bb dans le menu, puis la sous-rubrique d\u00e9di\u00e9e aux actualit\u00e9s. Sur la page verticale, il peut filtrer les articles par mots-cl\u00e9s via un champ de recherche. Chaque actualit\u00e9 dispose \u00e9galement d\u2019une page d\u00e9di\u00e9e contenant les informations textuelles correspondantes.<\/li>\n\n\n\n<li><strong>Acc\u00e9der au site e-commerce :<\/strong> l\u2019utilisateur peut acc\u00e9der directement au site de commerce \u00e9lectronique de l\u2019entreprise en s\u00e9lectionnant la rubrique d\u00e9di\u00e9e situ\u00e9e en haut de la page ou en cliquant sur les fiches des produits pr\u00e9sentes sur les pages de pr\u00e9sentation.<\/li>\n\n\n\n<li><strong>Contacter l\u2019entreprise :<\/strong> l\u2019utilisateur peut contacter l\u2019entreprise via l\u2019adresse \u00e9lectronique indiqu\u00e9e sur la page \u00ab contacts \u00bb, accessible depuis le menu ou figurant dans le pied de page du site.<\/li>\n\n\n\n<li><strong>Postuler \u00e0 un emploi\u00a0: <\/strong>l\u2019utilisateur peut postuler \u00e0 une offre d\u2019emploi en s\u00e9lectionnant la rubrique d\u00e9di\u00e9e dans le pied de page, puis le bouton de recherche des postes ouverts. Il sera alors redirig\u00e9 vers un portail externe o\u00f9 il pourra finaliser sa candidature apr\u00e8s inscription sur la plateforme.<\/li>\n<\/ul>\n\n\n\n<h3 class=\"wp-block-heading\"><a><\/a><strong>4. Respect des exigences d\u2019accessibilit\u00e9<\/strong><\/h3>\n\n\n\n<p>Hausbrandt Trieste 1892 S.p.A. a confi\u00e9 \u00e0 un tiers expert en accessibilit\u00e9 num\u00e9rique la r\u00e9alisation d\u2019une v\u00e9rification technique de l\u2019\u00e9tat de conformit\u00e9 du site web objet de la pr\u00e9sente d\u00e9claration, \u00e0 l\u2019issue de laquelle un rapport a \u00e9t\u00e9 fourni, indiquant les corrections et am\u00e9liorations n\u00e9cessaires pour atteindre la conformit\u00e9.<\/p>\n\n\n\n<h4 class=\"wp-block-heading\"><a><\/a>Les fonctionnalit\u00e9s prises en compte pour l\u2019accessibilit\u00e9 du site web et mises \u00e0 disposition des utilisateurs comprennent, sans s\u2019y limiter, les suivantes :<\/h4>\n\n\n\n<ul class=\"wp-block-list\">\n<li>Compatibilit\u00e9 avec les technologies d\u2019assistance (par exemple NVDA, Jaws)\u00a0;<\/li>\n\n\n\n<li>Navigation au clavier ;<\/li>\n\n\n\n<li>Contrastes de couleurs ad\u00e9quats ;<\/li>\n\n\n\n<li>Alternatives textuelles pour les contenus graphiques et multim\u00e9dias ;<\/li>\n\n\n\n<li>Zoom et redimensionnement des caract\u00e8res ;<\/li>\n\n\n\n<li>Sous-titres pour les contenus multim\u00e9dias et transcriptions textuelles ;<\/li>\n\n\n\n<li>Contr\u00f4le des animations et r\u00e9duction des mouvements non essentiels ;<\/li>\n\n\n\n<li>Formulaires et champs de saisie avec des libell\u00e9s clairs facilitant l\u2019interaction.<\/li>\n<\/ul>\n\n\n\n<p>L\u2019accessibilit\u00e9 des contenus web pour les utilisateurs recourant \u00e0 des technologies d\u2019assistance, telles que les lecteurs d\u2019\u00e9cran, les claviers alternatifs ou les commandes vocales, est \u00e9galement assur\u00e9e par la pr\u00e9sence d\u2019attributs ARIA. Ceux-ci permettent de d\u00e9crire le r\u00f4le, l\u2019\u00e9tat et les propri\u00e9t\u00e9s des \u00e9l\u00e9ments de l\u2019interface utilisateur, de communiquer les interactions dynamiques (par exemple menus d\u00e9roulants, fen\u00eatres modales, curseurs) aux lecteurs d\u2019\u00e9cran et de faciliter la navigation au clavier au sein des composants complexes.<\/p>\n\n\n\n<p>Afin d\u2019am\u00e9liorer davantage l\u2019accessibilit\u00e9 et l\u2019exp\u00e9rience utilisateur, un <strong>widget <\/strong>(UserWay PRO) a \u00e9t\u00e9 int\u00e9gr\u00e9 au site web. Son utilisation par les utilisateurs du site est enti\u00e8rement gratuite et permet d\u2019am\u00e9liorer la conformit\u00e9 du site aux lignes directrices pour l\u2019accessibilit\u00e9 des contenus web (WCAG 2.1).<\/p>\n\n\n\n<p>UserWay PRO met \u00e0 disposition de multiples fonctionnalit\u00e9s destin\u00e9es \u00e0 am\u00e9liorer l\u2019accessibilit\u00e9 du site web et l\u2019exp\u00e9rience utilisateur, au moyen d\u2019un panneau d\u00e9di\u00e9 accessible en cliquant sur l\u2019ic\u00f4ne du widget ou via le raccourci clavier CTRL+U, notamment :<\/p>\n\n\n\n<ul class=\"wp-block-list\">\n<li><strong>Lecteur d\u2019\u00e9cran <\/strong>:lit \u00e0 haute voix l\u2019ensemble des contenus des pages sans n\u00e9cessiter l\u2019installation d\u2019un lecteur externe.<\/li>\n\n\n\n<li><strong>Dictionnaire <\/strong>: permet de consulter des dictionnaires sans quitter le site web, fonctionnalit\u00e9 particuli\u00e8rement utile pour les personnes pr\u00e9sentant des troubles cognitifs, les non-anglophones, etc.<\/li>\n\n\n\n<li><strong>Texte plus grand <\/strong>: permet d\u2019augmenter la taille du texte affich\u00e9 \u00e0 l\u2019\u00e9cran gr\u00e2ce \u00e0 quatre niveaux d\u2019agrandissement, am\u00e9liorant imm\u00e9diatement la lisibilit\u00e9 du site.<\/li>\n\n\n\n<li><strong>Saturation<\/strong> : ajuste l\u2019intensit\u00e9 des couleurs du site (\u00e9lev\u00e9e, faible ou en niveaux de gris).<\/li>\n\n\n\n<li><strong>Contraste<\/strong> : inverse les couleurs du site ou permet de basculer entre un mode \u00e0 contraste clair et un mode \u00e0 contraste sombre.<\/li>\n\n\n\n<li><strong>Contraste intelligent<\/strong> : garantit que toutes les couleurs du site sont pleinement conformes aux normes ADA, assurant une meilleure visibilit\u00e9 des contenus.<\/li>\n\n\n\n<li><strong>Mise en \u00e9vidence des liens<\/strong> : met en \u00e9vidence les liens, boutons et autres \u00e9l\u00e9ments interactifs et cliquables \u00e0 l\u2019aide de couleurs claires et \u00e0 fort contraste, facilitant leur identification et am\u00e9liorant l\u2019utilisabilit\u00e9, la navigation et l\u2019accessibilit\u00e9 g\u00e9n\u00e9rale.<\/li>\n\n\n\n<li><strong>Arr\u00eat des animations <\/strong>: met en pause les contenus anim\u00e9s ou se mettant \u00e0 jour automatiquement pouvant constituer une barri\u00e8re \u00e0 l\u2019accessibilit\u00e9, et interrompt les contenus clignotants susceptibles de d\u00e9clencher des crises chez les personnes \u00e0 risque.<\/li>\n\n\n\n<li><strong>Espacement du texte<\/strong> : modifie le texte et l\u2019interligne afin d\u2019am\u00e9liorer la lisibilit\u00e9 pour les utilisateurs dyslexiques et malvoyants, avec trois niveaux de r\u00e9glage propos\u00e9s pour offrir une exp\u00e9rience de lecture plus personnalis\u00e9e et accessible.<\/li>\n\n\n\n<li><strong>Interligne<\/strong> : augmente la hauteur des lignes pour offrir un espacement plus confortable du texte.<\/li>\n\n\n\n<li><strong>Alignement du texte<\/strong> : aligne le texte \u00e0 gauche, \u00e0 droite ou au centre pour une exp\u00e9rience de lecture personnalis\u00e9e et plus accessible.<\/li>\n\n\n\n<li><strong>Police adapt\u00e9e \u00e0 la dyslexie<\/strong> : la police \u00ab UserWay Dyslexia Friendly \u00bb am\u00e9liore la lisibilit\u00e9 et offre une exp\u00e9rience de lecture plus fluide aux visiteurs dyslexiques.<\/li>\n\n\n\n<li><strong>Grand curseur<\/strong> : augmente la taille standard du curseur de 400 %, garantissant sa visibilit\u00e9 permanente et facilitant la navigation \u00e0 travers les liens hypertextes, onglets et \u00e9l\u00e9ments de formulaires.<\/li>\n\n\n\n<li><strong>Infobulles<\/strong> : affichent un texte alternatif et des \u00e9tiquettes ARIA pour les \u00e9l\u00e9ments \u00e0 l\u2019\u00e9cran simplement en passant la souris dessus. Les infobulles sont bien visibles, \u00e0 fort contraste et faciles \u00e0 lire pour les utilisateurs malvoyants ayant des besoins d\u2019accessibilit\u00e9.<\/li>\n\n\n\n<li><strong>Structure de la page<\/strong> : affiche rapidement les titres de page, rep\u00e8res et liens de mani\u00e8re claire, structur\u00e9e, facilement navigable et accessible. Aide les utilisateurs, qu\u2019ils aient un handicap ou non, \u00e0 trouver plus rapidement le contenu recherch\u00e9.<\/li>\n<\/ul>\n\n\n\n<p>Outre les fonctionnalit\u00e9s activables par l\u2019utilisateur via le menu d\u2019accessibilit\u00e9, le widget UserWay PRO est en mesure de d\u00e9tecter de nombreuses non-conformit\u00e9s du site et d\u2019effectuer en temps r\u00e9el les corrections n\u00e9cessaires, sans modifier le code source mais uniquement l\u2019affichage dans le navigateur. Cela permet de rendre le site plus accessible \u00e0 l\u2019ensemble des utilisateurs finaux, y compris ceux utilisant des technologies d\u2019assistance.<\/p>\n\n\n\n<h4 class=\"wp-block-heading\"><a><\/a><strong><u>&nbsp;<\/u><\/strong><\/h4>\n\n\n\n<p><a><\/a><strong><u>\u00c9tat de conformit\u00e9<\/u><\/strong><\/p>\n\n\n\n<p>Pour d\u00e9finir l\u2019\u00e9tat de conformit\u00e9 du site, les lignes directrices et la liste de contr\u00f4le d\u2019\u00e9valuation \u00e9tablies par AgID ont \u00e9t\u00e9 utilis\u00e9es. La v\u00e9rification technique r\u00e9alis\u00e9e par un consultant expert en accessibilit\u00e9 a \u00e9tabli l\u2019\u00e9tat suivant, \u00e0 la date de r\u00e9daction ou de mise \u00e0 jour de la pr\u00e9sente d\u00e9claration.<\/p>\n\n\n\n<p>Ce site web est partiellement conforme aux exigences pr\u00e9vues par l\u2019annexe A de la norme UNI CEI EN 301549 en raison des cas de non-conformit\u00e9 \u00e9num\u00e9r\u00e9s ci-dessous :<\/p>\n\n\n\n<ul class=\"wp-block-list\">\n<li>Certaines pages web ne sont pas conformes aux exigences du chapitre 9 \u00ab Web \u00bb de la norme UNI CEI EN 301549\u00a0;<\/li>\n\n\n\n<li>Les fichiers PDF t\u00e9l\u00e9chargeables depuis le site ne sont pas conformes aux exigences du chapitre 10 \u00ab Documents non web \u00bb.<\/li>\n<\/ul>\n\n\n\n<p>En particulier :<\/p>\n\n\n\n<ul class=\"wp-block-list\">\n<li>Certaines informations ne pr\u00e9sentent pas une hi\u00e9rarchie logique des titres ;<\/li>\n\n\n\n<li>Certaines relations fonctionnelles ou structurelles entre \u00e9l\u00e9ments sont v\u00e9hicul\u00e9es uniquement par le CSS ou par la position physique et ne sont pas associ\u00e9es de mani\u00e8re programmatique ;<\/li>\n\n\n\n<li>Certaines informations ne pr\u00e9sentent pas un contraste de couleurs suffisant ;<\/li>\n\n\n\n<li>Certains contenus ne sont pas accessibles au clavier ;<\/li>\n\n\n\n<li>Dans certaines sections, l\u2019ordre de navigation au clavier n\u2019est pas coh\u00e9rent avec le sens du contenu ;<\/li>\n\n\n\n<li>Certains liens ne comportent pas de texte descriptif ;<\/li>\n\n\n\n<li>Certains liens n\u2019indiquent pas clairement leur finalit\u00e9 ;<\/li>\n\n\n\n<li>Certains contenus ne pr\u00e9sentent pas d\u2019indicateur visuel de focus clavier, rendant difficile la navigation sans souris ;<\/li>\n\n\n\n<li>Dans certains cas, le nom accessible ne correspond pas ou ne contient pas le texte de l\u2019\u00e9tiquette visible ;<\/li>\n\n\n\n<li>Certaines pages ne comportent pas l\u2019attribut d\u00e9clarant la langue par d\u00e9faut ;<\/li>\n\n\n\n<li>Certaines fonctionnalit\u00e9s accessibles au clavier ne sont pas pr\u00e9visibles ou ne fournissent pas de retour d\u2019information ;<\/li>\n\n\n\n<li>Certains contenus ou \u00e9l\u00e9ments ne fournissent pas de retour d\u2019information suite \u00e0 une action de l\u2019utilisateur ;<\/li>\n\n\n\n<li>Certains \u00e9l\u00e9ments pr\u00e9sentent des attributs non autoris\u00e9s ;<\/li>\n\n\n\n<li>Certains champs de formulaire ne comportent pas de texte descriptif ;<\/li>\n\n\n\n<li>Certaines pages ne comportent pas d\u2019\u00e9l\u00e9ment titre ;<\/li>\n\n\n\n<li>Dans certains cas, les \u00e9l\u00e9ments de la page n\u2019indiquent pas clairement leur finalit\u00e9 ou leur fonction.<\/li>\n<\/ul>\n\n\n\n<p>La pr\u00e9sente d\u00e9claration d\u2019accessibilit\u00e9 consid\u00e8re \u00e9galement comme r\u00e9solues les non-conformit\u00e9s corrig\u00e9es par le widget UserWay PRO, dans la mesure o\u00f9 les modifications apport\u00e9es satisfont aux crit\u00e8res de succ\u00e8s pr\u00e9vus par la r\u00e9glementation en vigueur.<\/p>\n\n\n\n<h3 class=\"wp-block-heading\"><a><\/a><strong>&nbsp;<\/strong><\/h3>\n\n\n\n<h3 class=\"wp-block-heading\"><strong>5. Processus de suivi de l\u2019accessibilit\u00e9<\/strong><\/h3>\n\n\n\n<p>Hausbrandt Trieste 1892 S.p.A. accorde une attention particuli\u00e8re au processus de fourniture du service afin de satisfaire aux exigences d\u00e9finies par la r\u00e9glementation en mati\u00e8re d\u2019accessibilit\u00e9 num\u00e9rique, en s\u2019appuyant \u00e9galement sur des consultants externes pour les activit\u00e9s suivantes :<\/p>\n\n\n\n<ul class=\"wp-block-list\">\n<li>V\u00e9rification technique de l\u2019accessibilit\u00e9 du site web au moyen d\u2019une analyse des \u00e9carts (gap analysis) ;<\/li>\n\n\n\n<li>Tests utilisateurs des principaux parcours, y compris avec des technologies d\u2019assistance ;<\/li>\n\n\n\n<li>Analyse des technologies, plugins et services tiers int\u00e9gr\u00e9s au site ;<\/li>\n\n\n\n<li>Rapport des \u00e9carts et non-conformit\u00e9s identifi\u00e9s ;<\/li>\n\n\n\n<li>Correction des non-conformit\u00e9s au niveau du code et via les technologies UserWay ;<\/li>\n\n\n\n<li>R\u00e9daction de la documentation relative \u00e0 l\u2019accessibilit\u00e9 mise \u00e0 disposition du public ;<\/li>\n\n\n\n<li>D\u00e9finition des politiques internes et des modalit\u00e9s de gestion des demandes d\u2019assistance des utilisateurs.<\/li>\n<\/ul>\n\n\n\n<p>Hausbrandt Trieste 1892 S.p.A. envisage de proc\u00e9der p\u00e9riodiquement \u00e0 des v\u00e9rifications techniques afin de surveiller l\u2019accessibilit\u00e9 du site dans le temps, \u00e9ventuellement avec la contribution de sp\u00e9cialistes externes en accessibilit\u00e9 num\u00e9rique, dans le but d\u2019apporter des am\u00e9liorations, y compris sur la base des suggestions des utilisateurs.<\/p>\n\n\n\n<p>Les v\u00e9rifications techniques sont r\u00e9alis\u00e9es par un consultant externe sp\u00e9cialis\u00e9 en accessibilit\u00e9, utilisant des outils technologiques constamment mis \u00e0 jour conform\u00e9ment \u00e0 la r\u00e9glementation en vigueur, au moyen de contr\u00f4les semi-automatis\u00e9s du code, de tests manuels et de l\u2019utilisation de technologies d\u2019assistance.<\/p>\n\n\n\n<h3 class=\"wp-block-heading\"><a><\/a><strong>6. Assistance et signalement des probl\u00e8mes<\/strong><\/h3>\n\n\n\n<p>En cas de difficult\u00e9 d\u2019acc\u00e8s aux contenus ou aux fonctionnalit\u00e9s du site web, ou pour toute demande d\u2019assistance compl\u00e9mentaire, l\u2019utilisateur peut envoyer un message \u00e0 l\u2019adresse \u00e9lectronique suivante : info@hausbrandt.it<\/p>\n\n\n\n<p><br>La communication devra pr\u00e9ciser :<\/p>\n\n\n\n<ul class=\"wp-block-list\">\n<li>Nom et pr\u00e9nom ;<\/li>\n\n\n\n<li>Adresse de la page web ou section concern\u00e9e ;<\/li>\n\n\n\n<li>Description claire et synth\u00e9tique du probl\u00e8me rencontr\u00e9 ;<\/li>\n\n\n\n<li>Outils utilis\u00e9s (syst\u00e8me d\u2019exploitation, navigateur, \u00e9ventuelles technologies d\u2019assistance) ;<\/li>\n\n\n\n<li>Suggestions \u00e9ventuelles visant \u00e0 am\u00e9liorer l\u2019accessibilit\u00e9.<\/li>\n<\/ul>\n\n\n\n<p>Les signalements seront pris en charge dans les plus brefs d\u00e9lais et pourront contribuer \u00e0 l\u2019am\u00e9lioration continue de l\u2019accessibilit\u00e9 du site.<\/p>\n","protected":false},"excerpt":{"rendered":"<p>D\u00e9claration d\u2019accessibilit\u00e9 pour le site www.hausbrandt.it La pr\u00e9sente d\u00e9claration a \u00e9t\u00e9 r\u00e9dig\u00e9e le 05\/02\/2026. Le pr\u00e9sent contenu peut \u00eatre lu et rendu disponible \u00e9galement sous forme orale en utilisant les lecteurs d\u2019\u00e9cran NVDA pour Windows et VoiceOver pour iOS. Il est \u00e9galement possible d\u2019activer la fonctionnalit\u00e9 \u00ab lire la page \u00bb disponible dans le widget [&hellip;]<\/p>\n","protected":false},"author":1,"featured_media":0,"parent":0,"menu_order":0,"comment_status":"closed","ping_status":"closed","template":"template-free.php","meta":{"_acf_changed":false,"_seopress_robots_primary_cat":"","_seopress_titles_title":"","_seopress_titles_desc":"","_seopress_robots_index":"","footnotes":""},"class_list":["post-12137","page","type-page","status-publish","hentry"],"acf":[],"_links":{"self":[{"href":"https:\/\/www.hausbrandt.it\/fr\/wp-json\/wp\/v2\/pages\/12137","targetHints":{"allow":["GET"]}}],"collection":[{"href":"https:\/\/www.hausbrandt.it\/fr\/wp-json\/wp\/v2\/pages"}],"about":[{"href":"https:\/\/www.hausbrandt.it\/fr\/wp-json\/wp\/v2\/types\/page"}],"author":[{"embeddable":true,"href":"https:\/\/www.hausbrandt.it\/fr\/wp-json\/wp\/v2\/users\/1"}],"replies":[{"embeddable":true,"href":"https:\/\/www.hausbrandt.it\/fr\/wp-json\/wp\/v2\/comments?post=12137"}],"version-history":[{"count":1,"href":"https:\/\/www.hausbrandt.it\/fr\/wp-json\/wp\/v2\/pages\/12137\/revisions"}],"predecessor-version":[{"id":12141,"href":"https:\/\/www.hausbrandt.it\/fr\/wp-json\/wp\/v2\/pages\/12137\/revisions\/12141"}],"wp:attachment":[{"href":"https:\/\/www.hausbrandt.it\/fr\/wp-json\/wp\/v2\/media?parent=12137"}],"curies":[{"name":"wp","href":"https:\/\/api.w.org\/{rel}","templated":true}]}}