{"id":11748,"date":"2026-02-23T09:43:36","date_gmt":"2026-02-23T08:43:36","guid":{"rendered":"https:\/\/www.hausbrandt.it\/?page_id=11748"},"modified":"2026-03-02T14:42:45","modified_gmt":"2026-03-02T13:42:45","slug":"cafe-arabica-single-origin","status":"publish","type":"page","link":"https:\/\/www.hausbrandt.it\/fr\/cafe-arabica-single-origin\/","title":{"rendered":"Caf\u00e9 Arabica Single Origin"},"content":{"rendered":"","protected":false},"excerpt":{"rendered":"","protected":false},"author":1,"featured_media":0,"parent":0,"menu_order":0,"comment_status":"closed","ping_status":"closed","template":"template-monorigini.php","meta":{"_acf_changed":false,"_seopress_robots_primary_cat":"","_seopress_titles_title":"Caf\u00e9 en grains monorigine 100% Arabica 250g | Hausbrandt","_seopress_titles_desc":"Trois origines iconiques Colombie, Br\u00e9sil, Honduras en caf\u00e9 en grains 100% Arabica. Profils de torr\u00e9faction d\u00e9di\u00e9s et notes aromatiques distinctives.","_seopress_robots_index":"","footnotes":""},"class_list":["post-11748","page","type-page","status-publish","hentry"],"acf":[],"_links":{"self":[{"href":"https:\/\/www.hausbrandt.it\/fr\/wp-json\/wp\/v2\/pages\/11748","targetHints":{"allow":["GET"]}}],"collection":[{"href":"https:\/\/www.hausbrandt.it\/fr\/wp-json\/wp\/v2\/pages"}],"about":[{"href":"https:\/\/www.hausbrandt.it\/fr\/wp-json\/wp\/v2\/types\/page"}],"author":[{"embeddable":true,"href":"https:\/\/www.hausbrandt.it\/fr\/wp-json\/wp\/v2\/users\/1"}],"replies":[{"embeddable":true,"href":"https:\/\/www.hausbrandt.it\/fr\/wp-json\/wp\/v2\/comments?post=11748"}],"version-history":[{"count":9,"href":"https:\/\/www.hausbrandt.it\/fr\/wp-json\/wp\/v2\/pages\/11748\/revisions"}],"predecessor-version":[{"id":12131,"href":"https:\/\/www.hausbrandt.it\/fr\/wp-json\/wp\/v2\/pages\/11748\/revisions\/12131"}],"wp:attachment":[{"href":"https:\/\/www.hausbrandt.it\/fr\/wp-json\/wp\/v2\/media?parent=11748"}],"curies":[{"name":"wp","href":"https:\/\/api.w.org\/{rel}","templated":true}]}}