{"id":7967,"date":"2024-12-12T17:44:24","date_gmt":"2024-12-12T16:44:24","guid":{"rendered":"https:\/\/www.hausbrandt.it\/hotellerie\/"},"modified":"2025-01-07T17:50:23","modified_gmt":"2025-01-07T16:50:23","slug":"hotellerie","status":"publish","type":"page","link":"https:\/\/www.hausbrandt.it\/en\/hotellerie\/","title":{"rendered":"Hotellerie"},"content":{"rendered":"","protected":false},"excerpt":{"rendered":"","protected":false},"author":1,"featured_media":0,"parent":0,"menu_order":0,"comment_status":"closed","ping_status":"closed","template":"template-hotellerie.php","meta":{"_acf_changed":false,"_seopress_robots_primary_cat":"","_seopress_titles_title":"Macchine da caff\u00e8 e miscele di caff\u00e8 per hotel | Hausbrandt","_seopress_titles_desc":"Scopri le macchine da caff\u00e8 e le miscele di caff\u00e8 Hausbrandt progettate su misura per gli hotel e il mondo dell'hotellerie dalla hall, alle camere e al bar.","_seopress_robots_index":"","footnotes":""},"class_list":["post-7967","page","type-page","status-publish","hentry"],"acf":[],"_links":{"self":[{"href":"https:\/\/www.hausbrandt.it\/en\/wp-json\/wp\/v2\/pages\/7967","targetHints":{"allow":["GET"]}}],"collection":[{"href":"https:\/\/www.hausbrandt.it\/en\/wp-json\/wp\/v2\/pages"}],"about":[{"href":"https:\/\/www.hausbrandt.it\/en\/wp-json\/wp\/v2\/types\/page"}],"author":[{"embeddable":true,"href":"https:\/\/www.hausbrandt.it\/en\/wp-json\/wp\/v2\/users\/1"}],"replies":[{"embeddable":true,"href":"https:\/\/www.hausbrandt.it\/en\/wp-json\/wp\/v2\/comments?post=7967"}],"version-history":[{"count":5,"href":"https:\/\/www.hausbrandt.it\/en\/wp-json\/wp\/v2\/pages\/7967\/revisions"}],"predecessor-version":[{"id":8031,"href":"https:\/\/www.hausbrandt.it\/en\/wp-json\/wp\/v2\/pages\/7967\/revisions\/8031"}],"wp:attachment":[{"href":"https:\/\/www.hausbrandt.it\/en\/wp-json\/wp\/v2\/media?parent=7967"}],"curies":[{"name":"wp","href":"https:\/\/api.w.org\/{rel}","templated":true}]}}