{"id":9271,"date":"2025-03-05T10:25:26","date_gmt":"2025-03-05T09:25:26","guid":{"rendered":"https:\/\/www.hausbrandt.it\/?page_id=9271"},"modified":"2026-03-19T16:50:17","modified_gmt":"2026-03-19T15:50:17","slug":"ostern","status":"publish","type":"page","link":"https:\/\/www.hausbrandt.it\/de\/ostern\/","title":{"rendered":"Ostern"},"content":{"rendered":"","protected":false},"excerpt":{"rendered":"","protected":false},"author":1,"featured_media":0,"parent":0,"menu_order":0,"comment_status":"closed","ping_status":"closed","template":"template-pasqua.php","meta":{"_acf_changed":false,"_seopress_robots_primary_cat":"","_seopress_titles_title":"%%post_title%% %%sep%% %%sitetitle%%","_seopress_titles_desc":"Die Geschichte des Caff\u00e8 Hausbrandt bereichert das Osterfest auch in diesem Jahr mit der K\u00f6nigin der Fr\u00fchlingstafeln: der Colomba Delice.","_seopress_robots_index":"","footnotes":""},"class_list":["post-9271","page","type-page","status-publish","hentry"],"acf":[],"_links":{"self":[{"href":"https:\/\/www.hausbrandt.it\/de\/wp-json\/wp\/v2\/pages\/9271","targetHints":{"allow":["GET"]}}],"collection":[{"href":"https:\/\/www.hausbrandt.it\/de\/wp-json\/wp\/v2\/pages"}],"about":[{"href":"https:\/\/www.hausbrandt.it\/de\/wp-json\/wp\/v2\/types\/page"}],"author":[{"embeddable":true,"href":"https:\/\/www.hausbrandt.it\/de\/wp-json\/wp\/v2\/users\/1"}],"replies":[{"embeddable":true,"href":"https:\/\/www.hausbrandt.it\/de\/wp-json\/wp\/v2\/comments?post=9271"}],"version-history":[{"count":5,"href":"https:\/\/www.hausbrandt.it\/de\/wp-json\/wp\/v2\/pages\/9271\/revisions"}],"predecessor-version":[{"id":12215,"href":"https:\/\/www.hausbrandt.it\/de\/wp-json\/wp\/v2\/pages\/9271\/revisions\/12215"}],"wp:attachment":[{"href":"https:\/\/www.hausbrandt.it\/de\/wp-json\/wp\/v2\/media?parent=9271"}],"curies":[{"name":"wp","href":"https:\/\/api.w.org\/{rel}","templated":true}]}}