{"id":7697,"date":"2024-11-13T11:48:38","date_gmt":"2024-11-13T10:48:38","guid":{"rendered":"https:\/\/www.hausbrandt.it\/certificazioni\/"},"modified":"2025-01-07T17:37:45","modified_gmt":"2025-01-07T16:37:45","slug":"zertifizierungen","status":"publish","type":"page","link":"https:\/\/www.hausbrandt.it\/de\/zertifizierungen\/","title":{"rendered":"Zertifizierungen"},"content":{"rendered":"","protected":false},"excerpt":{"rendered":"","protected":false},"author":1,"featured_media":0,"parent":0,"menu_order":0,"comment_status":"closed","ping_status":"closed","template":"template-certificati.php","meta":{"_acf_changed":false,"_seopress_robots_primary_cat":"","_seopress_titles_title":"Zertifizierungen f\u00fcr Qualit\u00e4t und Lebensmittelsicherheit | Hausbrandt","_seopress_titles_desc":"Entdecken sie die qualit\u00e4ts und sicherheitszertifizierungen von Hausbrandt f\u00fcr absolute sicherheit und nachhaltigkeit: ISO 9001, 14001, 22000, BRC, IFS, Halal, Kosher und Bio","_seopress_robots_index":"","footnotes":""},"class_list":["post-7697","page","type-page","status-publish","hentry"],"acf":[],"_links":{"self":[{"href":"https:\/\/www.hausbrandt.it\/de\/wp-json\/wp\/v2\/pages\/7697","targetHints":{"allow":["GET"]}}],"collection":[{"href":"https:\/\/www.hausbrandt.it\/de\/wp-json\/wp\/v2\/pages"}],"about":[{"href":"https:\/\/www.hausbrandt.it\/de\/wp-json\/wp\/v2\/types\/page"}],"author":[{"embeddable":true,"href":"https:\/\/www.hausbrandt.it\/de\/wp-json\/wp\/v2\/users\/1"}],"replies":[{"embeddable":true,"href":"https:\/\/www.hausbrandt.it\/de\/wp-json\/wp\/v2\/comments?post=7697"}],"version-history":[{"count":4,"href":"https:\/\/www.hausbrandt.it\/de\/wp-json\/wp\/v2\/pages\/7697\/revisions"}],"predecessor-version":[{"id":8019,"href":"https:\/\/www.hausbrandt.it\/de\/wp-json\/wp\/v2\/pages\/7697\/revisions\/8019"}],"wp:attachment":[{"href":"https:\/\/www.hausbrandt.it\/de\/wp-json\/wp\/v2\/media?parent=7697"}],"curies":[{"name":"wp","href":"https:\/\/api.w.org\/{rel}","templated":true}]}}