{"id":4548,"date":"2024-06-18T17:12:26","date_gmt":"2024-06-18T15:12:26","guid":{"rendered":"https:\/\/www.hausbrandt.it\/kultur\/qualita-e-costanza\/"},"modified":"2024-11-25T10:49:03","modified_gmt":"2024-11-25T09:49:03","slug":"qualitat-und-bestandigkeit","status":"publish","type":"page","link":"https:\/\/www.hausbrandt.it\/de\/kultur\/qualitat-und-bestandigkeit\/","title":{"rendered":"Qualit\u00e4t und best\u00e4ndigkeit"},"content":{"rendered":"","protected":false},"excerpt":{"rendered":"","protected":false},"author":1,"featured_media":0,"parent":4510,"menu_order":0,"comment_status":"closed","ping_status":"closed","template":"template-qualita.php","meta":{"_acf_changed":false,"_seopress_robots_primary_cat":"","_seopress_titles_title":"Wie Hausbrandt die qualit\u00e4t der kaffeebohnen kontrolliert","_seopress_titles_desc":"Erfahren sie, wie Hausbrandt die qualit\u00e4t der kaffeebohnen aus den wichtigsten kaffee-exportl\u00e4ndern Lateinamerikas und Afrikas ausw\u00e4hlt und pr\u00fcft.","_seopress_robots_index":"","footnotes":""},"class_list":["post-4548","page","type-page","status-publish","hentry"],"acf":[],"_links":{"self":[{"href":"https:\/\/www.hausbrandt.it\/de\/wp-json\/wp\/v2\/pages\/4548","targetHints":{"allow":["GET"]}}],"collection":[{"href":"https:\/\/www.hausbrandt.it\/de\/wp-json\/wp\/v2\/pages"}],"about":[{"href":"https:\/\/www.hausbrandt.it\/de\/wp-json\/wp\/v2\/types\/page"}],"author":[{"embeddable":true,"href":"https:\/\/www.hausbrandt.it\/de\/wp-json\/wp\/v2\/users\/1"}],"replies":[{"embeddable":true,"href":"https:\/\/www.hausbrandt.it\/de\/wp-json\/wp\/v2\/comments?post=4548"}],"version-history":[{"count":3,"href":"https:\/\/www.hausbrandt.it\/de\/wp-json\/wp\/v2\/pages\/4548\/revisions"}],"predecessor-version":[{"id":7002,"href":"https:\/\/www.hausbrandt.it\/de\/wp-json\/wp\/v2\/pages\/4548\/revisions\/7002"}],"up":[{"embeddable":true,"href":"https:\/\/www.hausbrandt.it\/de\/wp-json\/wp\/v2\/pages\/4510"}],"wp:attachment":[{"href":"https:\/\/www.hausbrandt.it\/de\/wp-json\/wp\/v2\/media?parent=4548"}],"curies":[{"name":"wp","href":"https:\/\/api.w.org\/{rel}","templated":true}]}}