{"id":4521,"date":"2024-06-21T16:09:15","date_gmt":"2024-06-21T14:09:15","guid":{"rendered":"https:\/\/www.hausbrandt.it\/kultur\/caffe-e-salute\/"},"modified":"2025-01-01T17:37:21","modified_gmt":"2025-01-01T16:37:21","slug":"kaffee-und-gesundheit","status":"publish","type":"page","link":"https:\/\/www.hausbrandt.it\/de\/kultur\/kaffee-und-gesundheit\/","title":{"rendered":"Kaffee und gesundheit"},"content":{"rendered":"","protected":false},"excerpt":{"rendered":"","protected":false},"author":1,"featured_media":0,"parent":4510,"menu_order":0,"comment_status":"closed","ping_status":"closed","template":"template-salute.php","meta":{"_acf_changed":false,"_seopress_robots_primary_cat":"","_seopress_titles_title":"Kaffee, welche positiven Effekte? Entdecken Sie die Vorteile!","_seopress_titles_desc":"Wie viel Wohlbefinden steckt in einer Tasse? Entdecken Sie die Vorteile f\u00fcr Geist und K\u00f6rper, wenn Sie t\u00e4glich Kaffee trinken.","_seopress_robots_index":"","footnotes":""},"class_list":["post-4521","page","type-page","status-publish","hentry"],"acf":[],"_links":{"self":[{"href":"https:\/\/www.hausbrandt.it\/de\/wp-json\/wp\/v2\/pages\/4521","targetHints":{"allow":["GET"]}}],"collection":[{"href":"https:\/\/www.hausbrandt.it\/de\/wp-json\/wp\/v2\/pages"}],"about":[{"href":"https:\/\/www.hausbrandt.it\/de\/wp-json\/wp\/v2\/types\/page"}],"author":[{"embeddable":true,"href":"https:\/\/www.hausbrandt.it\/de\/wp-json\/wp\/v2\/users\/1"}],"replies":[{"embeddable":true,"href":"https:\/\/www.hausbrandt.it\/de\/wp-json\/wp\/v2\/comments?post=4521"}],"version-history":[{"count":8,"href":"https:\/\/www.hausbrandt.it\/de\/wp-json\/wp\/v2\/pages\/4521\/revisions"}],"predecessor-version":[{"id":7888,"href":"https:\/\/www.hausbrandt.it\/de\/wp-json\/wp\/v2\/pages\/4521\/revisions\/7888"}],"up":[{"embeddable":true,"href":"https:\/\/www.hausbrandt.it\/de\/wp-json\/wp\/v2\/pages\/4510"}],"wp:attachment":[{"href":"https:\/\/www.hausbrandt.it\/de\/wp-json\/wp\/v2\/media?parent=4521"}],"curies":[{"name":"wp","href":"https:\/\/api.w.org\/{rel}","templated":true}]}}