{"id":4502,"date":"2024-06-24T11:13:53","date_gmt":"2024-06-24T09:13:53","guid":{"rendered":"https:\/\/www.hausbrandt.it\/caffe\/"},"modified":"2024-11-18T14:18:43","modified_gmt":"2024-11-18T13:18:43","slug":"kaffee","status":"publish","type":"page","link":"https:\/\/www.hausbrandt.it\/de\/kaffee\/","title":{"rendered":"Kaffee"},"content":{"rendered":"","protected":false},"excerpt":{"rendered":"","protected":false},"author":1,"featured_media":0,"parent":0,"menu_order":0,"comment_status":"closed","ping_status":"closed","template":"template-caffe.php","meta":{"_acf_changed":false,"_seopress_robots_primary_cat":"","_seopress_titles_title":"Kaffeemischungen von Hausbrandt f\u00fcr haushalte und profis","_seopress_titles_desc":"Entdecken Sie die Hausbrandt kaffeemischungen f\u00fcr zu hause und f\u00fcr den beruf. Verschiedene sortenreine und dosierte kombinationen aus Arabica und Robusta Qualit\u00e4ten","_seopress_robots_index":"","footnotes":""},"class_list":["post-4502","page","type-page","status-publish","hentry"],"acf":[],"_links":{"self":[{"href":"https:\/\/www.hausbrandt.it\/de\/wp-json\/wp\/v2\/pages\/4502","targetHints":{"allow":["GET"]}}],"collection":[{"href":"https:\/\/www.hausbrandt.it\/de\/wp-json\/wp\/v2\/pages"}],"about":[{"href":"https:\/\/www.hausbrandt.it\/de\/wp-json\/wp\/v2\/types\/page"}],"author":[{"embeddable":true,"href":"https:\/\/www.hausbrandt.it\/de\/wp-json\/wp\/v2\/users\/1"}],"replies":[{"embeddable":true,"href":"https:\/\/www.hausbrandt.it\/de\/wp-json\/wp\/v2\/comments?post=4502"}],"version-history":[{"count":6,"href":"https:\/\/www.hausbrandt.it\/de\/wp-json\/wp\/v2\/pages\/4502\/revisions"}],"predecessor-version":[{"id":6743,"href":"https:\/\/www.hausbrandt.it\/de\/wp-json\/wp\/v2\/pages\/4502\/revisions\/6743"}],"wp:attachment":[{"href":"https:\/\/www.hausbrandt.it\/de\/wp-json\/wp\/v2\/media?parent=4502"}],"curies":[{"name":"wp","href":"https:\/\/api.w.org\/{rel}","templated":true}]}}