{"id":4491,"date":"2024-07-09T17:45:30","date_gmt":"2024-07-09T15:45:30","guid":{"rendered":"https:\/\/www.hausbrandt.it\/contatti\/"},"modified":"2025-01-01T17:12:15","modified_gmt":"2025-01-01T16:12:15","slug":"kontakt","status":"publish","type":"page","link":"https:\/\/www.hausbrandt.it\/de\/wo\/kontakt\/","title":{"rendered":"Kontakt"},"content":{"rendered":"","protected":false},"excerpt":{"rendered":"","protected":false},"author":1,"featured_media":0,"parent":4569,"menu_order":0,"comment_status":"closed","ping_status":"closed","template":"template-contatti.php","meta":{"_acf_changed":false,"_seopress_robots_primary_cat":"","_seopress_titles_title":"Kontakt zu Hausbrandt Kaffee | Kaffeer\u00f6ster seit 1892","_seopress_titles_desc":"Kontaktieren Sie Hausbrandt Kaffee, um Informationen \u00fcber unser Unternehmen, unsere Produkte und Kaffeemischungen f\u00fcr den privaten und professionellen Gebrauch zu erhalten.","_seopress_robots_index":"","footnotes":""},"class_list":["post-4491","page","type-page","status-publish","hentry"],"acf":[],"_links":{"self":[{"href":"https:\/\/www.hausbrandt.it\/de\/wp-json\/wp\/v2\/pages\/4491","targetHints":{"allow":["GET"]}}],"collection":[{"href":"https:\/\/www.hausbrandt.it\/de\/wp-json\/wp\/v2\/pages"}],"about":[{"href":"https:\/\/www.hausbrandt.it\/de\/wp-json\/wp\/v2\/types\/page"}],"author":[{"embeddable":true,"href":"https:\/\/www.hausbrandt.it\/de\/wp-json\/wp\/v2\/users\/1"}],"replies":[{"embeddable":true,"href":"https:\/\/www.hausbrandt.it\/de\/wp-json\/wp\/v2\/comments?post=4491"}],"version-history":[{"count":4,"href":"https:\/\/www.hausbrandt.it\/de\/wp-json\/wp\/v2\/pages\/4491\/revisions"}],"predecessor-version":[{"id":7884,"href":"https:\/\/www.hausbrandt.it\/de\/wp-json\/wp\/v2\/pages\/4491\/revisions\/7884"}],"up":[{"embeddable":true,"href":"https:\/\/www.hausbrandt.it\/de\/wp-json\/wp\/v2\/pages\/4569"}],"wp:attachment":[{"href":"https:\/\/www.hausbrandt.it\/de\/wp-json\/wp\/v2\/media?parent=4491"}],"curies":[{"name":"wp","href":"https:\/\/api.w.org\/{rel}","templated":true}]}}