{"id":4121,"date":"2024-06-16T17:28:49","date_gmt":"2024-06-16T15:28:49","guid":{"rendered":"https:\/\/www.hausbrandt.it\/homepage\/"},"modified":"2026-03-23T13:04:23","modified_gmt":"2026-03-23T12:04:23","slug":"homepage","status":"publish","type":"page","link":"https:\/\/www.hausbrandt.it\/de\/","title":{"rendered":"Homepage"},"content":{"rendered":"","protected":false},"excerpt":{"rendered":"","protected":false},"author":1,"featured_media":0,"parent":0,"menu_order":0,"comment_status":"closed","ping_status":"closed","template":"template-home.php","meta":{"_acf_changed":false,"_seopress_robots_primary_cat":"","_seopress_titles_title":"Hausbrandt Kaffee seit 1892: Kosten Sie unsere Mischungen","_seopress_titles_desc":"Hausbrandt Kaffee steht seit 1892 f\u00fcr Qualit\u00e4tskaffee. Entdecken sie unsere R\u00f6stgeschichte und alle Kaffeemischungen auf unserer Webseite.","_seopress_robots_index":"","footnotes":""},"class_list":["post-4121","page","type-page","status-publish","hentry"],"acf":[],"_links":{"self":[{"href":"https:\/\/www.hausbrandt.it\/de\/wp-json\/wp\/v2\/pages\/4121","targetHints":{"allow":["GET"]}}],"collection":[{"href":"https:\/\/www.hausbrandt.it\/de\/wp-json\/wp\/v2\/pages"}],"about":[{"href":"https:\/\/www.hausbrandt.it\/de\/wp-json\/wp\/v2\/types\/page"}],"author":[{"embeddable":true,"href":"https:\/\/www.hausbrandt.it\/de\/wp-json\/wp\/v2\/users\/1"}],"replies":[{"embeddable":true,"href":"https:\/\/www.hausbrandt.it\/de\/wp-json\/wp\/v2\/comments?post=4121"}],"version-history":[{"count":25,"href":"https:\/\/www.hausbrandt.it\/de\/wp-json\/wp\/v2\/pages\/4121\/revisions"}],"predecessor-version":[{"id":12274,"href":"https:\/\/www.hausbrandt.it\/de\/wp-json\/wp\/v2\/pages\/4121\/revisions\/12274"}],"wp:attachment":[{"href":"https:\/\/www.hausbrandt.it\/de\/wp-json\/wp\/v2\/media?parent=4121"}],"curies":[{"name":"wp","href":"https:\/\/api.w.org\/{rel}","templated":true}]}}