{"id":12138,"date":"2026-02-25T09:24:21","date_gmt":"2026-02-25T08:24:21","guid":{"rendered":"https:\/\/www.hausbrandt.it\/dichiarazione-di-accessibilita\/"},"modified":"2026-03-06T11:51:03","modified_gmt":"2026-03-06T10:51:03","slug":"informationen-zur-barrierefreiheit","status":"publish","type":"page","link":"https:\/\/www.hausbrandt.it\/de\/informationen-zur-barrierefreiheit\/","title":{"rendered":"Informationen zur Barrierefreiheit der Website www.hausbrandt.it"},"content":{"rendered":"\n<h1 class=\"wp-block-heading\"><strong>Informationen zur Barrierefreiheit der Website www.hausbrandt.it<\/strong><\/h1>\n\n\n\n<p><em>Diese Informationen wurden am 5. Februar 2026 zusammengestellt.<\/em><\/p>\n\n\n\n<p><em>Der Inhalt dieser Seite kann auch in m\u00fcndlicher Form ausgegeben werden, indem die Bildschirmleseprogramme NVDA f\u00fcr Windows und VoiceOver f\u00fcr iOS verwendet werden. Alternativ kann auch die Funktion \u201eSeite vorlesen\u201c im Barrierefreiheits-Widget UserWay PRO aktiviert werden.<\/em><\/p>\n\n\n\n<p>Hausbrandt Trieste 1892 S.p.A. verpflichtet sich, die Barrierefreiheit seiner Website www.hausbrandt.it gem\u00e4\u00df dem Gesetzesdekret Nr. 82 vom 27. Mai 2022 zur Umsetzung der europ\u00e4ischen Richtlinie 2019\/882 zu gew\u00e4hrleisten.<\/p>\n\n\n\n<p>Das Unternehmen ist der \u00dcberzeugung, dass es eine kollektive moralische Verpflichtung ist, allen Menschen den Zugang zu Informationen, Produkten oder Dienstleistungen ohne Hindernisse oder Barrieren zu erm\u00f6glichen, damit sie in W\u00fcrde, Gleichheit und Unabh\u00e4ngigkeit leben k\u00f6nnen. Aus diesem Grund wurden Ressourcen investiert, um die Website benutzerfreundlicher und f\u00fcr alle, einschlie\u00dflich Menschen mit Behinderungen, zug\u00e4nglicher zu gestalten.<\/p>\n\n\n\n<p>In \u00dcbereinstimmung mit dem Gesetzesdekret 82\/2022 werden nachfolgend die folgenden Angaben gemacht:<\/p>\n\n\n\n<ol class=\"wp-block-list\">\n<li>Informationen dar\u00fcber, wie der Dienst die Anforderungen an die Barrierefreiheit erf\u00fcllt, und Angaben zu den geltenden Anforderungen;<\/li>\n\n\n\n<li>eine allgemeine Beschreibung des Dienstes in barrierefreien Formaten;<\/li>\n\n\n\n<li>Beschreibungen und Erl\u00e4uterungen, die zum Verst\u00e4ndnis der Funktionsweise des Dienstes erforderlich sind;<\/li>\n\n\n\n<li>Beschreibung, wie der Dienst die Anforderungen an die Barrierefreiheit erf\u00fcllt;<\/li>\n\n\n\n<li>Informationen, die belegen, dass der Prozess der Dienstleistungserbringung und die damit verbundene \u00dcberwachung die Konformit\u00e4t des Dienstes gew\u00e4hrleisten;<\/li>\n\n\n\n<li>Unterst\u00fctzung und Meldung etwaiger Probleme mit der Barrierefreiheit.<\/li>\n<\/ol>\n\n\n\n<ol class=\"wp-block-list\">\n<li><strong>Anforderungen an die Barrierefreiheit und geltende Kriterien<\/strong><\/li>\n<\/ol>\n\n\n\n<p>Die Anforderungen an die digitale Barrierefreiheit sind im Gesetzesdekret Nr. 82 vom 27. Mai 2022 \u201e<em>Umsetzung der Richtlinie (EU) 2019\/882 des Europ\u00e4ischen Parlaments und des Rates vom 17. April 2019 \u00fcber die Anforderungen an die Barrierefreiheit von Produkten und Dienstleistungen<\/em>\u201c festgelegt. Hinsichtlich der technischen Aspekte bezieht sich das Dekret auf die Norm UNI EN 30154.<\/p>\n\n\n\n<p>Insbesondere muss die Konformit\u00e4t der Website anhand der in den Kapiteln 9 \u201eWeb\u201c und 10 \u201eNicht-Web-Inhalte\u201c genannten Kriterien bewertet werden, die sich auf die Web Content Accessibility Guidelines (WCAG) 2.1 der Stufe A+AA beziehen.<\/p>\n\n\n\n<p>Die vier Grundprinzipien der digitalen Barrierefreiheit, die in den WCAG 2.1 formuliert sind, lauten:<\/p>\n\n\n\n<ul class=\"wp-block-list\">\n<li><strong>Wahrnehmbar <\/strong>\u2013 Die Inhalte werden klar und verst\u00e4ndlich dargestellt.<\/li>\n\n\n\n<li><strong>Nutzbar <\/strong>\u2013 Die Benutzeroberfl\u00e4che ist f\u00fcr alle Nutzer leicht zu navigieren.<\/li>\n\n\n\n<li><strong>Verst\u00e4ndlich <\/strong>\u2013 Die Informationen und Vorg\u00e4nge sind intuitiv und leicht zu interpretieren.<\/li>\n\n\n\n<li><strong>Zuverl\u00e4ssig <\/strong>\u2013 Die Website ist mit den g\u00e4ngigsten assistiven Technologien kompatibel.<\/li>\n<\/ul>\n\n\n\n<p>Unter Bezugnahme auf die oben genannte Norm UNI EN 301549, welche die 50 Erfolgskriterien zur \u00dcberpr\u00fcfung der Barrierefreiheit einer Website klar auflistet, wurden technische Analysen der Inhalte dieser Website durchgef\u00fchrt. Dabei wurden sowohl textuelle als auch nicht-textuelle Informationen, herunterladbare Dokumente und Formulare sowie Formen der bidirektionalen Interaktion untersucht, beispielsweise die Bearbeitung digitaler Formulare und die Durchf\u00fchrung von Authentifizierungs-, Identifizierungs- und Zahlungsprozessen.<\/p>\n\n\n\n<p>Von den 50 Erfolgskriterien, die in den geltenden technischen Normen festgelegt sind, gelten die folgenden als nicht auf diese Website anwendbar:<\/p>\n\n\n\n<ul class=\"wp-block-list\">\n<li>1.2.4 Untertitel (in Echtzeit)<\/li>\n<\/ul>\n\n\n\n<p><a><\/a><strong><u>Von der Anwendung ausgenommene Bereiche<\/u><\/strong><\/p>\n\n\n\n<p>Gem\u00e4\u00df Art. 1 Absatz 5 des Gesetzesdekrets Nr. 82\/2022 gelten die Bestimmungen des Dekrets nicht f\u00fcr folgende Inhalte von Websites und mobilen Anwendungen:<\/p>\n\n\n\n<ul class=\"wp-block-list\">\n<li>vor dem 28. Juni 2025 aufgezeichnete und ver\u00f6ffentlichte zeitbasierte Medien;<\/li>\n\n\n\n<li>vor dem 28. Juni 2025 ver\u00f6ffentlichte Dateiformate f\u00fcr B\u00fcroanwendungen;<\/li>\n\n\n\n<li>Online-Karten und Kartografiedienste, sofern die wesentlichen Informationen f\u00fcr Navigationskarten in einem barrierefreien digitalen Format bereitgestellt werden;<\/li>\n\n\n\n<li>Inhalte Dritter, die weder vom betreffenden Wirtschaftsteilnehmer finanziert oder entwickelt werden noch seiner Kontrolle unterliegen;<\/li>\n\n\n\n<li>Inhalte von Websites und mobilen Anwendungen, die als Archive gelten, d.\u00a0h. die nur Inhalte enthalten, die nach dem 28.\u00a0Juni\u00a02025 nicht aktualisiert oder \u00fcberarbeitet wurden.<\/li>\n<\/ul>\n\n\n\n<p><a><\/a><strong>2. Allgemeine Beschreibung des Dienstes<\/strong><\/p>\n\n\n\n<p>Diese Website richtet sich an Endverbraucher:innen und bietet einen kommerziellen Informationsdienst f\u00fcr die Marke Hausbrandt. Nutzer haben die M\u00f6glichkeit, die Produkte des Unternehmens zu entdecken und n\u00e4her kennenzulernen. Nutzer k\u00f6nnen mehr \u00fcber das Unternehmen und sein kommerzielles Angebot erfahren, sich \u00fcber die angebotenen Dienstleistungen informieren, die vom Unternehmen vorgeschlagenen Rezepte einsehen, Nachrichten lesen, das Unternehmen kontaktieren und direkt zum E-Commerce-Bereich gelangen.&nbsp;&nbsp;<\/p>\n\n\n\n<p><a><\/a><strong>3. Funktionsweise des Dienstes<\/strong><\/p>\n\n\n\n<p>Die Website kann \u00fcber die g\u00e4ngigsten Webbrowser von Desktop-Computern, Tablets und Smartphones aus aufgerufen werden und ist in mehreren Sprachen verf\u00fcgbar. Die Navigation auf der Website erfolgt linear \u00fcber ein intuitives Men\u00fc.<\/p>\n\n\n\n<p>Der Nutzer kann die Funktionen der Website wie folgt nutzen. Er kann:<\/p>\n\n\n\n<ul class=\"wp-block-list\">\n<li><strong>die verschiedenen Kaffeesorten einsehen: <\/strong>Der Nutzer hat die M\u00f6glichkeit, die verschiedenen vom Unternehmen angebotenen Produktarten einzusehen. Hierzu ruft er den entsprechenden Men\u00fcpunkt auf und w\u00e4hlt im Untermen\u00fc die Kategorie aus, die ihn interessiert.<\/li>\n\n\n\n<li><strong>mehr \u00fcber das Unternehmen erfahren:<\/strong> Der Nutzer kann sein Wissen \u00fcber das Unternehmen, die Produktionsmethoden und die Unternehmensphilosophie vertiefen, indem er den entsprechenden Men\u00fcpunkt aufruft und das gew\u00fcnschte Thema aus dem Untermen\u00fc ausw\u00e4hlt.<\/li>\n\n\n\n<li><strong>Vertiefung der vom Unternehmen angebotenen Dienstleistungen: <\/strong>Der Nutzer kann sich \u00fcber die Dienstleistungen informieren, die das Unternehmen f\u00fcr Fachleute und Gewerbebetriebe anbietet. Hierzu w\u00e4hlt er den entsprechenden Men\u00fcpunkt aus und im Untermen\u00fc das Thema, das ihn unter den angebotenen Dienstleistungen interessiert. Auf jeder einzelnen Seite stehen dem Nutzer vertikale Men\u00fcs mit Textinformationen zur Verf\u00fcgung, die er einsehen kann.<\/li>\n\n\n\n<li><strong>Verkaufsstellen finden:<\/strong> \u00dcber den entsprechenden Men\u00fcpunkt hat der Nutzer die M\u00f6glichkeit, die Verkaufsstellen der Marke sowohl f\u00fcr Endverbraucher als auch f\u00fcr Fachleute zu finde.<\/li>\n\n\n\n<li><strong>Rezepte einsehen: <\/strong>\u00dcber den entsprechenden Men\u00fcpunkt kann der Nutzer die empfohlenen Rezepte einsehen. Auf der Seite kann er die Rezepte nach verschiedenen Kategorien filtern und f\u00fcr jedes Rezept eine eigene Seite mit Anweisungen zur Zubereitung aufrufen.<\/li>\n\n\n\n<li><strong>News einsehen:<\/strong> Der Nutzer kann News \u00fcber das Unternehmen einsehen, indem er im Men\u00fc den Punkt \u201eMedien\u201c und im Untermen\u00fc den Punkt \u201eNews\u201c ausw\u00e4hlt. Auf der Seite kann er die Artikel \u00fcber ein Suchfeld nach Stichw\u00f6rtern filtern. Zu jeder Nachricht gibt es au\u00dferdem eine eigene Seite mit den entsprechenden Textinformationen.<\/li>\n\n\n\n<li><strong>zur E-Commerce-Website gelangen:<\/strong> Der Nutzer kann direkt zum E-Commerce des Unternehmens gelangen, indem er oben auf der Seite den entsprechenden Eintrag oder die einzelnen Produktbl\u00e4tter auf den Pr\u00e4sentationsseiten ausw\u00e4hlt.<\/li>\n\n\n\n<li><strong>das Unternehmen kontaktieren:<\/strong> Der Nutzer kann das Unternehmen \u00fcber die auf der Kontaktseite angegebene E-Mail-Adresse kontaktieren. Die Kontaktseite ist \u00fcber das Men\u00fc oder in der Fu\u00dfzeile der Website erreichbar.<\/li>\n\n\n\n<li><strong>sich f\u00fcr eine Stelle bewerben:<\/strong> Der Nutzer kann sich bewerben, indem er den entsprechenden Men\u00fcpunkt in der Fu\u00dfzeile ausw\u00e4hlt und anschlie\u00dfend auf die Schaltfl\u00e4che zur Suche nach offenen Stellen klickt. Auf diese Weise wird er zu einem externen Portal weitergeleitet, wo er nach der Registrierung seine Bewerbung ausf\u00fcllen kann.<\/li>\n<\/ul>\n\n\n\n<p><a><\/a><strong>4. Erf\u00fcllung der Anforderungen an die Barrierefreiheit<\/strong><\/p>\n\n\n\n<p>Hausbrandt Trieste 1892 S.p.A. hat einen externen Experten f\u00fcr digitale Barrierefreiheit beauftragt, eine technische \u00dcberpr\u00fcfung der Konformit\u00e4t der Website, die Gegenstand dieser Erkl\u00e4rung ist, durchzuf\u00fchren. Im Anschluss daran wurde ein Bericht \u00fcber die Korrekturen und Verbesserungen vorgelegt, die zur Erreichung der Konformit\u00e4t erforderlich sind.<\/p>\n\n\n\n<p>Die f\u00fcr die Barrierefreiheit der Website ber\u00fccksichtigten Funktionen, die dem Benutzer zur Verf\u00fcgung stehen, umfassen unter anderem Folgendes:<\/p>\n\n\n\n<ul class=\"wp-block-list\">\n<li>Kompatibilit\u00e4t mit assistiven Technologien (z. B. NVDA, Jaws)<\/li>\n\n\n\n<li>Navigation \u00fcber die Tastatur<\/li>\n\n\n\n<li>angemessene Farbkontraste<\/li>\n\n\n\n<li>Textalternativen f\u00fcr grafische und multimediale Inhalte<\/li>\n\n\n\n<li>Zoom und Schriftgr\u00f6\u00dfenanpassung<\/li>\n\n\n\n<li>Untertitel f\u00fcr multimediale Inhalte und Text-Transkriptionen<\/li>\n\n\n\n<li>Steuerung von Animationen und Reduzierung nicht wesentlicher Bewegungen<\/li>\n\n\n\n<li>Formulare und Eingabefelder verf\u00fcgen \u00fcber eindeutige Bezeichnungen, um die Interaktion zu vereinfachen<\/li>\n<\/ul>\n\n\n\n<p>Die Barrierefreiheit von Webinhalten f\u00fcr Nutzer, die assistive Technologien wie Screenreader, alternative Tastaturen oder Sprachbefehle verwenden, wird au\u00dferdem durch ARIA-Attribute unterst\u00fctzt. Diese dienen dazu, die Rolle, den Status und die Eigenschaften von Elementen der Benutzeroberfl\u00e4che zu beschreiben, dynamische Interaktionen (z.&nbsp;B. erweiterbare Men\u00fcs, modale Men\u00fcs, Schieberegler) an Screenreader zu kommunizieren und die Navigation per Tastatur in komplexen Komponenten zu unterst\u00fctzen.<br><br>Um die Barrierefreiheit und Benutzererfahrung weiter zu optimieren, wurde das <strong>Widget <\/strong>UserWay PRO in die Website integriert. Die Nutzung ist f\u00fcr die Benutzer der Website kostenlos und erm\u00f6glicht es, die Konformit\u00e4t mit den Richtlinien f\u00fcr die Barrierefreiheit von Webinhalten (WCAG 2.1) zu verbessern.<br>UserWay PRO bietet zahlreiche Funktionen, mit denen sich die Barrierefreiheit der Website und die Benutzererfahrung verbessern lassen. Diese sind \u00fcber ein spezielles Bedienfeld zug\u00e4nglich, das durch Klicken auf das Widget-Symbol oder \u00fcber die Tastenkombination \u201eSTRG+U\u201d aufgerufen werden kann, wie unten dargestellt.<\/p>\n\n\n\n<ul class=\"wp-block-list\">\n<li><strong>Bildschirmleseprogramm:<\/strong> Alle Inhalte der Seiten werden vorgelesen, ohne dass ein externes Leseprogramm installiert werden muss.<\/li>\n\n\n\n<li><strong>W\u00f6rterbuch:<\/strong> Erm\u00f6glicht den Zugriff auf W\u00f6rterb\u00fccher, ohne die Website verlassen zu m\u00fcssen. Dies ist besonders hilfreich f\u00fcr Menschen mit kognitiven Beeintr\u00e4chtigungen, Nicht-Muttersprachler und andere.<\/li>\n\n\n\n<li><strong>Gr\u00f6\u00dferer Text:<\/strong> Vergr\u00f6\u00dfert den Text auf dem Bildschirm mit vier verschiedenen Stufen, wodurch jeder Teil der Website sofort besser lesbar wird.<\/li>\n\n\n\n<li><strong>Farbs\u00e4ttigung:<\/strong> Passt die Farbintensit\u00e4t einer Website auf hoch, niedrig oder in Graustufen an.<\/li>\n\n\n\n<li><strong>Kontrast:<\/strong> Kehrt die Farben einer Website um oder erm\u00f6glicht den Wechsel vom hellen zum dunklen Kontrastmodus.<\/li>\n\n\n\n<li><strong>Intelligenter Kontrast:<\/strong> Stellt sicher, dass alle Farben der Website vollst\u00e4ndig ADA-konform sind, wodurch sich die Sichtbarkeit der Inhalte verbessert.<\/li>\n\n\n\n<li><strong>Hervorgehobene Links:<\/strong> Hebt Links, Schaltfl\u00e4chen und andere interaktive und anklickbare Elemente mit hellen, kontrastreichen Farben hervor. Dadurch sind sie leichter zu erkennen, was die Benutzerfreundlichkeit, Navigation und allgemeine Barrierefreiheit der Website verbessert.<\/li>\n\n\n\n<li><strong>Animationen anhalten:<\/strong> H\u00e4lt Inhalte an, die sich automatisch bewegen oder aktualisieren und als Barriere f\u00fcr die Barrierefreiheit angesehen werden. Unterbricht au\u00dferdem Animationen und blinkende Inhalte, die ablenken und bei gef\u00e4hrdeten Personen epileptische Anf\u00e4lle ausl\u00f6sen k\u00f6nnen.<\/li>\n\n\n\n<li><strong>Textabstand:<\/strong> Passt Text und Zeilenabstand an, um die Lesbarkeit f\u00fcr Nutzer mit Legasthenie und Sehbehinderungen zu verbessern. Es stehen drei Einstellungsstufen f\u00fcr ein individuelles und barrierefreieres Leseerlebnis zur Verf\u00fcgung.<\/li>\n\n\n\n<li><strong>Zeilenabstand:<\/strong> Erh\u00f6ht die Zeilenh\u00f6he, um einen angenehmeren Abstand f\u00fcr den gesamten Text auf der Website zu gew\u00e4hrleisten.<\/li>\n\n\n\n<li><strong>Textausrichtung:<\/strong> Richtet den Text der Website links, rechts oder mittig aus, um ein individuelles und barrierefreies Leseerlebnis zu gew\u00e4hrleisten.<\/li>\n\n\n\n<li><strong>Schriftart f\u00fcr Legastheniker:<\/strong> Die Schriftart \u201eUserWay Dyslexia Friendly\u201c verbessert die Lesbarkeit und bietet Besuchern mit Legasthenie ein einfacheres und fl\u00fcssigeres Leseerlebnis.<\/li>\n\n\n\n<li><strong>Gro\u00dfer Cursor:<\/strong> Vergr\u00f6\u00dfert die Standardgr\u00f6\u00dfe des Cursors um 400 %, sodass dieser immer sichtbar ist. Dies erm\u00f6glicht eine schnellere und barrierefreiere Navigation durch Hyperlinks, Registerkarten und Formularelemente.<\/li>\n\n\n\n<li><strong>Tipps:<\/strong> Zeigt alternativen Text und ARIA-Labels f\u00fcr Elemente auf dem Bildschirm an, wenn Sie mit der Maus dar\u00fcber fahren. Die Tipps sind gut sichtbar, kontrastreich und f\u00fcr sehbehinderte Benutzer mit Barrierefreiheitsanforderungen leicht zu lesen.<\/li>\n\n\n\n<li><strong>Seitenstruktur:<\/strong> Zeigt Seiten\u00fcberschriften, Orientierungspunkte und Links schnell, \u00fcbersichtlich, strukturiert, leicht navigierbar und barrierefrei an. Dies hilft Benutzern mit und ohne Behinderung, gew\u00fcnschte Inhalte schneller zu finden.<\/li>\n<\/ul>\n\n\n\n<p>Zus\u00e4tzlich zu den Funktionen, die der Benutzer \u00fcber das Barrierefreiheitsmen\u00fc aktivieren kann, ist das UserWay-PRO-Widget in der Lage, zahlreiche Nichtkonformit\u00e4ten der Website zu erkennen und die erforderlichen Korrekturen in Echtzeit vorzunehmen, ohne den Quellcode zu \u00e4ndern. Es wird lediglich die Darstellung im Browser angepasst. Dadurch wird die Website f\u00fcr alle Endbenutzer, einschlie\u00dflich derjenigen, die assistive Technologien verwenden, besser nutzbar.<\/p>\n\n\n\n<p><a><\/a><strong><u>Konformit\u00e4tsstatus<\/u><\/strong><\/p>\n\n\n\n<p>Zur Feststellung des Konformit\u00e4tsstatus dieser Website wurden die von AgID erstellten Leitlinien und die Bewertungscheckliste herangezogen. Die technische \u00dcberpr\u00fcfung durch einen erfahrenen Berater f\u00fcr Barrierefreiheit ergab zum Zeitpunkt der Erstellung oder Aktualisierung dieser Erkl\u00e4rung folgenden Status:<\/p>\n\n\n\n<p>Diese Website entspricht teilweise den Anforderungen von Anhang A der Norm UNI CEI EN 301549, wobei die folgenden F\u00e4lle der Nichtkonformit\u00e4t zu verzeichnen sind:<\/p>\n\n\n\n<ul class=\"wp-block-list\">\n<li>Einige Webseiten entsprechen nicht den Anforderungen von Kapitel 9 \u201eWeb\u201c der Norm UNI CEI EN 301549<\/li>\n\n\n\n<li>Die von der Website herunterladbaren PDF-Dateien entsprechen nicht den Anforderungen von Kapitel 10 \u201eNicht-Web-Dokumente\u201c.<\/li>\n<\/ul>\n\n\n\n<p>Im Einzelnen:<\/p>\n\n\n\n<ul class=\"wp-block-list\">\n<li>Einige Informationen weisen keine logische Hierarchie der \u00dcberschriften der Elemente auf.<\/li>\n\n\n\n<li>Einige funktionale oder strukturelle Beziehungen der Elemente werden ausschlie\u00dflich durch CSS oder die physische Position vermittelt und sind nicht programmatisch verkn\u00fcpft.<\/li>\n\n\n\n<li>Einige Informationen weisen keinen angemessenen Farbkontrast auf.<\/li>\n\n\n\n<li>Einige Inhalte sind nicht \u00fcber die Tastatur zug\u00e4nglich.<\/li>\n\n\n\n<li>In einigen Abschnitten entspricht die Reihenfolge der \u00fcber die Tastatur abgerufenen Informationen nicht der Bedeutung des Inhalts.<\/li>\n\n\n\n<li>Einige Links verf\u00fcgen \u00fcber keinen beschreibenden Text.<\/li>\n\n\n\n<li>Einige Links kommunizieren ihren Zweck nicht korrekt und eindeutig.;<\/li>\n\n\n\n<li>Einige Inhalte weisen in einigen Abschnitten keine visuellen Hinweise f\u00fcr den Tastaturfokus auf. Das kann es w\u00e4hrend der Navigation ohne Maus erschweren, den aktuellen Standort zu bestimmen.<\/li>\n\n\n\n<li>In einigen F\u00e4llen stimmt der zug\u00e4ngliche Name nicht mit dem Text der sichtbaren Beschriftung \u00fcberein oder enth\u00e4lt diesen nicht.<\/li>\n\n\n\n<li>Auf einigen Seiten fehlt das Attribut, das die Standardsprache der Seite angibt.<\/li>\n\n\n\n<li>Einige mit der Tastatur nutzbare Funktionen sind nicht vorhersehbar oder geben kein Feedback zu ihrer Funktionsweise.<\/li>\n\n\n\n<li>Einige Inhalte oder Elemente geben kein Feedback zu den Aktionen des Benutzers.<\/li>\n\n\n\n<li>Einige Elemente weisen unzul\u00e4ssige Attribute auf.<\/li>\n\n\n\n<li>Einige Felder der Formulare enthalten keinen beschreibenden Text.<\/li>\n\n\n\n<li>Einige Seiten enthalten kein Titelelement.<\/li>\n\n\n\n<li>In einigen F\u00e4llen geben die Elemente der Seite ihren Zweck oder ihre Funktion nicht eindeutig an.<\/li>\n<\/ul>\n\n\n\n<p>Die vorliegende Barrierefreiheitserkl\u00e4rung betrachtet die vom UserWay PRO-Widget korrigierten Nichtkonformit\u00e4ten au\u00dferdem als behoben, da die damit vorgenommenen \u00c4nderungen die in den aktuellen Vorschriften vorgesehenen Erfolgskriterien erf\u00fcllen.<\/p>\n\n\n\n<p><a><\/a><strong>5. Prozess zur \u00dcberwachung der Barrierefreiheit<\/strong><\/p>\n\n\n\n<p>Hausbrandt Trieste 1892 S.p.A. hat besonderes Augenmerk auf den Prozess der Dienstleistungserbringung gelegt, um die Anforderungen der Vorschriften zur digitalen Barrierefreiheit zu erf\u00fcllen, und dabei auch die Unterst\u00fctzung externer Berater f\u00fcr die folgenden Aktivit\u00e4ten in Anspruch genommen:<\/p>\n\n\n\n<ul class=\"wp-block-list\">\n<li>Technische \u00dcberpr\u00fcfung der Barrierefreiheit der Website mittels einer Gap-Analyse;<\/li>\n\n\n\n<li>Benutzertests der wichtigsten Benutzerabl\u00e4ufe, auch unter Einsatz von assistiven Technologien;<\/li>\n\n\n\n<li>Analyse der auf der Website implementierten Technologien, Plugins und Dienste von Drittanbietern;<\/li>\n\n\n\n<li>Bericht \u00fcber die bei der technischen \u00dcberpr\u00fcfung und den Tests festgestellten L\u00fccken und Nichtkonformit\u00e4ten;<\/li>\n\n\n\n<li>Behebung der Nichtkonformit\u00e4ten durch Code und mit UserWay-Technologien;<\/li>\n\n\n\n<li>Erstellung der \u00f6ffentlich zug\u00e4nglichen Dokumentation zur Barrierefreiheit;<\/li>\n\n\n\n<li>Festlegung interner Richtlinien und Verfahren f\u00fcr die Bearbeitung von Supportanfragen von Benutzern.<\/li>\n<\/ul>\n\n\n\n<p>Hausbrandt Trieste 1892 S.p.A. beabsichtigt, regelm\u00e4\u00dfig technische \u00dcberpr\u00fcfungen durchzuf\u00fchren, um die Barrierefreiheit der Website im Laufe der Zeit zu \u00fcberwachen, gegebenenfalls auch mit Unterst\u00fctzung von Dritten, die auf digitale Barrierefreiheit spezialisiert sind, um eventuelle Verbesserungen auch aufgrund von Vorschl\u00e4gen der Benutzer vorzunehmen.<\/p>\n\n\n\n<p>Die technischen \u00dcberpr\u00fcfungen werden von einem externen Berater durchgef\u00fchrt, der auf Barrierefreiheit spezialisiert ist und stets aktuelle technologische Instrumente gem\u00e4\u00df den geltenden Vorschriften einsetzt, um die Konformit\u00e4t auf verschiedene Weise zu \u00fcberpr\u00fcfen: durch halbautomatische Code-Kontrollen, manuelle Benutzertests und mit Hilfe von assistiven Technologien.<\/p>\n\n\n\n<p><a><\/a><strong>6. Assistenz und Meldung von Problemen<\/strong><\/p>\n\n\n\n<p>Bei Schwierigkeiten beim Zugriff auf Inhalte und Funktionen der Website oder wenn weitere Unterst\u00fctzung ben\u00f6tigt wird, kann der Nutzer eine Nachricht an folgende E-Mail-Adresse senden: info@hausbrandt.it<\/p>\n\n\n\n<p><br>Bitte geben Sie in Ihrer Mitteilung Folgendes an:<\/p>\n\n\n\n<ul class=\"wp-block-list\">\n<li>Vor- und Nachname;<\/li>\n\n\n\n<li>Adresse der Webseite oder der Bereiche der Website, die Gegenstand der Meldung sind;<\/li>\n\n\n\n<li>eine klare und kurze Beschreibung des aufgetretenen Problems;<\/li>\n\n\n\n<li>verwendete Tools (Betriebssystem, Browser, eventuelle assistive Technologien);<\/li>\n\n\n\n<li>eventuelle Vorschl\u00e4ge zur Verbesserung der Barrierefreiheit.<br><br><\/li>\n<\/ul>\n\n\n\n<p>Die Meldungen werden so schnell wie m\u00f6glich bearbeitet und k\u00f6nnen zur kontinuierlichen Verbesserung der Barrierefreiheit der Website beitragen.<\/p>\n","protected":false},"excerpt":{"rendered":"<p>Informationen zur Barrierefreiheit der Website www.hausbrandt.it Diese Informationen wurden am 5. Februar 2026 zusammengestellt. Der Inhalt dieser Seite kann auch in m\u00fcndlicher Form ausgegeben werden, indem die Bildschirmleseprogramme NVDA f\u00fcr Windows und VoiceOver f\u00fcr iOS verwendet werden. Alternativ kann auch die Funktion \u201eSeite vorlesen\u201c im Barrierefreiheits-Widget UserWay PRO aktiviert werden. Hausbrandt Trieste 1892 S.p.A. verpflichtet [&hellip;]<\/p>\n","protected":false},"author":1,"featured_media":0,"parent":0,"menu_order":0,"comment_status":"closed","ping_status":"closed","template":"template-free.php","meta":{"_acf_changed":false,"_seopress_robots_primary_cat":"","_seopress_titles_title":"","_seopress_titles_desc":"","_seopress_robots_index":"","footnotes":""},"class_list":["post-12138","page","type-page","status-publish","hentry"],"acf":[],"_links":{"self":[{"href":"https:\/\/www.hausbrandt.it\/de\/wp-json\/wp\/v2\/pages\/12138","targetHints":{"allow":["GET"]}}],"collection":[{"href":"https:\/\/www.hausbrandt.it\/de\/wp-json\/wp\/v2\/pages"}],"about":[{"href":"https:\/\/www.hausbrandt.it\/de\/wp-json\/wp\/v2\/types\/page"}],"author":[{"embeddable":true,"href":"https:\/\/www.hausbrandt.it\/de\/wp-json\/wp\/v2\/users\/1"}],"replies":[{"embeddable":true,"href":"https:\/\/www.hausbrandt.it\/de\/wp-json\/wp\/v2\/comments?post=12138"}],"version-history":[{"count":1,"href":"https:\/\/www.hausbrandt.it\/de\/wp-json\/wp\/v2\/pages\/12138\/revisions"}],"predecessor-version":[{"id":12142,"href":"https:\/\/www.hausbrandt.it\/de\/wp-json\/wp\/v2\/pages\/12138\/revisions\/12142"}],"wp:attachment":[{"href":"https:\/\/www.hausbrandt.it\/de\/wp-json\/wp\/v2\/media?parent=12138"}],"curies":[{"name":"wp","href":"https:\/\/api.w.org\/{rel}","templated":true}]}}